{"id":3368,"date":"2020-06-19T12:15:04","date_gmt":"2020-06-19T11:15:04","guid":{"rendered":"https:\/\/www.orchard-gallery.com\/artists\/norbert-judt\/"},"modified":"2020-11-30T18:30:14","modified_gmt":"2020-11-30T17:30:14","slug":"norbert-judt","status":"publish","type":"page","link":"https:\/\/orchard-gallery.com\/en\/artists\/norbert-judt\/","title":{"rendered":"Norbert Judt"},"content":{"rendered":"<section class=\"wpb-content-wrapper\">[vc_row curly_padding=&#8221;content-padding&#8221; css=&#8221;.vc_custom_1504195713546{padding-bottom: 0px !important;}&#8221;][vc_column][vc_column_text]\n<h1 class=\"display-2 special-title\" style=\"text-align: center;\"><small>SLOVAK ARTIST<\/small>Norbert Judt<small><\/small><small><\/small><small><\/small><\/h1>\n[\/vc_column_text][\/vc_column][vc_column width=&#8221;1\/3&#8243;][vc_single_image image=&#8221;3356&#8243; img_size=&#8221;full&#8221; alignment=&#8221;center&#8221; style=&#8221;xtd-shadow&#8211;normal-light&#8221; el_class=&#8221;xtd-offset-frame&#8221;][vc_btn title=&#8221;Go to e-shop&#8221; style=&#8221;btn-outline-primary&#8221; shape=&#8221;square&#8221; align=&#8221;center&#8221; link=&#8221;url:https%3A%2F%2Fwww.artisticostores.com%2Fcategories%2Fnorbert-judt-2%2F|title:Norbert%20Judt%20Artistico||&#8221;][\/vc_column][vc_column width=&#8221;2\/3&#8243; offset=&#8221;vc_col-lg-offset-1 vc_col-lg-7&#8243;][vc_column_text]\n<p style=\"text-align: justify;\"><strong>Norbert Judt<\/strong>\u00a0was born on February 2<sup>nd<\/sup>, 1966 in Bratislava. His artistic talent has developed quite independently. In the beginnings, he was significantly influenced by fantasy literature, surrealism (Salvator Dali), and new figuration (J\u00falius Jakoby, Milan Pa\u0161t\u00e9ka). The focus of the author\u2019s interest is the figure, human personality, penetrations into undiscovered areas of social activities. The secret of his artistic sensibility can be found somewhere there. Intellectually challenging pictures, which can be connected with the knowledge of the existential dimensions of man\u2026.<\/p>\n<p style=\"text-align: justify;\">Judt\u2019s artistic work is independent, and it does not belong to any art movement, school or group. He focuses mainly on drawings and paintings. He often uses a spatula when working. Many of his artworks are full of compositions of plastic effects.<\/p>\n<p style=\"text-align: justify;\">Norbert Judt\u2019s artwork is presented in private collections not only in Europe but also in the United States, Australia, and Canada.<\/p>\n[\/vc_column_text][\/vc_column][\/vc_row][vc_row][vc_column][vc_row_inner][vc_column_inner][vc_column_text]\n<h3>SOLO AND COLLECTIVE EXHIBITIONS<\/h3>\n[\/vc_column_text][vc_column_text]\n<ul>\n<li>2012 \u2013 ARTisti &amp; Co, Bratislava, Slovak Republic<\/li>\n<li>2013 \u2013 ARTisti &amp; Co, Prague, Czech Republic<\/li>\n<li>2014 \u2013 Harfa Gallery, Prague, Czech Republic<\/li>\n<li>2014 \u2013 ARTisti &amp; Co, Vienna, Austria<\/li>\n<li>2015 \u2013 ARTisti &amp; Co, Vod\u011brady, Slovak Republic<\/li>\n<li>2017 \u2013 ARTisti &amp; Co, Liberec, Czech Republic<\/li>\n<li>2018 \u2013 Orchard Gallery, Ostrava, Czech Republic<\/li>\n<\/ul>\n[\/vc_column_text][\/vc_column_inner][\/vc_row_inner][vc_row_inner][vc_column_inner width=&#8221;1\/3&#8243;][vc_single_image image=&#8221;3365&#8243; img_size=&#8221;full&#8221; alignment=&#8221;center&#8221;][\/vc_column_inner][vc_column_inner width=&#8221;1\/3&#8243;][vc_single_image image=&#8221;3359&#8243; img_size=&#8221;full&#8221; alignment=&#8221;center&#8221;][\/vc_column_inner][vc_column_inner width=&#8221;1\/3&#8243;][vc_single_image image=&#8221;3362&#8243; img_size=&#8221;full&#8221; alignment=&#8221;center&#8221;][\/vc_column_inner][\/vc_row_inner][\/vc_column][\/vc_row]\n<\/section>","protected":false},"excerpt":{"rendered":"<p>[vc_row curly_padding=&#8221;content-padding&#8221; css=&#8221;.vc_custom_1504195713546{padding-bottom: 0px !important;}&#8221;][vc_column][vc_column_text] SLOVAK ARTISTNorbert Judt [\/vc_column_text][\/vc_column][vc_column width=&#8221;1\/3&#8243;][vc_single_image image=&#8221;3356&#8243; img_size=&#8221;full&#8221; alignment=&#8221;center&#8221; style=&#8221;xtd-shadow&#8211;normal-light&#8221; el_class=&#8221;xtd-offset-frame&#8221;][vc_btn title=&#8221;Go to e-shop&#8221; style=&#8221;btn-outline-primary&#8221; shape=&#8221;square&#8221; align=&#8221;center&#8221; link=&#8221;url:https%3A%2F%2Fwww.artisticostores.com%2Fcategories%2Fnorbert-judt-2%2F|title:Norbert%20Judt%20Artistico||&#8221;][\/vc_column][vc_column width=&#8221;2\/3&#8243; offset=&#8221;vc_col-lg-offset-1 vc_col-lg-7&#8243;][vc_column_text] Norbert Judt\u00a0was born on February 2nd, 1966 in Bratislava. His artistic talent has developed quite independently. In the beginnings, he was significantly influenced by fantasy literature, surrealism (Salvator Dali), and new figuration (J\u00falius Jakoby, Milan [&hellip;]<\/p>\n","protected":false},"author":1,"featured_media":0,"parent":667,"menu_order":0,"comment_status":"closed","ping_status":"closed","template":"","meta":{"footnotes":""},"yoast_head":"<!-- This site is optimized with the Yoast SEO plugin v22.7 - https:\/\/yoast.com\/wordpress\/plugins\/seo\/ -->\n<title>Norbert Judt -<\/title>\n<meta name=\"robots\" content=\"index, follow, max-snippet:-1, max-image-preview:large, max-video-preview:-1\" \/>\n<link rel=\"canonical\" href=\"https:\/\/orchard-gallery.com\/en\/artists\/norbert-judt\/\" \/>\n<meta property=\"og:locale\" content=\"en_US\" \/>\n<meta property=\"og:type\" content=\"article\" \/>\n<meta property=\"og:title\" content=\"Norbert Judt -\" \/>\n<meta property=\"og:description\" content=\"[vc_row curly_padding=&#8221;content-padding&#8221; css=&#8221;.vc_custom_1504195713546{padding-bottom: 0px !important;}&#8221;][vc_column][vc_column_text] SLOVAK ARTISTNorbert Judt [\/vc_column_text][\/vc_column][vc_column width=&#8221;1\/3&#8243;][vc_single_image image=&#8221;3356&#8243; img_size=&#8221;full&#8221; alignment=&#8221;center&#8221; style=&#8221;xtd-shadow&#8211;normal-light&#8221; el_class=&#8221;xtd-offset-frame&#8221;][vc_btn title=&#8221;Go to e-shop&#8221; style=&#8221;btn-outline-primary&#8221; shape=&#8221;square&#8221; align=&#8221;center&#8221; link=&#8221;url:https%3A%2F%2Fwww.artisticostores.com%2Fcategories%2Fnorbert-judt-2%2F|title:Norbert%20Judt%20Artistico||&#8221;][\/vc_column][vc_column width=&#8221;2\/3&#8243; offset=&#8221;vc_col-lg-offset-1 vc_col-lg-7&#8243;][vc_column_text] Norbert Judt\u00a0was born on February 2nd, 1966 in Bratislava. His artistic talent has developed quite independently. In the beginnings, he was significantly influenced by fantasy literature, surrealism (Salvator Dali), and new figuration (J\u00falius Jakoby, Milan [&hellip;]\" \/>\n<meta property=\"og:url\" content=\"https:\/\/orchard-gallery.com\/artists\/norbert-judt\/\" \/>\n<meta property=\"article:publisher\" content=\"https:\/\/www.facebook.com\/galleryorchard\/\" \/>\n<meta property=\"article:modified_time\" content=\"2020-11-30T17:30:14+00:00\" \/>\n<meta name=\"twitter:card\" content=\"summary_large_image\" \/>\n<meta name=\"twitter:label1\" content=\"Est. reading time\" \/>\n\t<meta name=\"twitter:data1\" content=\"2 minutes\" \/>\n<script type=\"application\/ld+json\" class=\"yoast-schema-graph\">{\"@context\":\"https:\/\/schema.org\",\"@graph\":[{\"@type\":\"WebPage\",\"@id\":\"https:\/\/orchard-gallery.com\/artists\/norbert-judt\/\",\"url\":\"https:\/\/orchard-gallery.com\/artists\/norbert-judt\/\",\"name\":\"Norbert Judt -\",\"isPartOf\":{\"@id\":\"https:\/\/orchard-gallery.com\/#website\"},\"datePublished\":\"2020-06-19T11:15:04+00:00\",\"dateModified\":\"2020-11-30T17:30:14+00:00\",\"breadcrumb\":{\"@id\":\"https:\/\/orchard-gallery.com\/artists\/norbert-judt\/#breadcrumb\"},\"inLanguage\":\"en-US\",\"potentialAction\":[{\"@type\":\"ReadAction\",\"target\":[\"https:\/\/orchard-gallery.com\/artists\/norbert-judt\/\"]}]},{\"@type\":\"BreadcrumbList\",\"@id\":\"https:\/\/orchard-gallery.com\/artists\/norbert-judt\/#breadcrumb\",\"itemListElement\":[{\"@type\":\"ListItem\",\"position\":1,\"name\":\"Dom\u016f\",\"item\":\"https:\/\/orchard-gallery.com\/en\/\"},{\"@type\":\"ListItem\",\"position\":2,\"name\":\"Artists\",\"item\":\"https:\/\/orchard-gallery.com\/artists\/\"},{\"@type\":\"ListItem\",\"position\":3,\"name\":\"Norbert Judt\"}]},{\"@type\":\"WebSite\",\"@id\":\"https:\/\/orchard-gallery.com\/#website\",\"url\":\"https:\/\/orchard-gallery.com\/\",\"name\":\"Orchard Gallery\",\"description\":\"\",\"publisher\":{\"@id\":\"https:\/\/orchard-gallery.com\/#organization\"},\"potentialAction\":[{\"@type\":\"SearchAction\",\"target\":{\"@type\":\"EntryPoint\",\"urlTemplate\":\"https:\/\/orchard-gallery.com\/?s={search_term_string}\"},\"query-input\":\"required name=search_term_string\"}],\"inLanguage\":\"en-US\"},{\"@type\":\"Organization\",\"@id\":\"https:\/\/orchard-gallery.com\/#organization\",\"name\":\"OrchardGallery\",\"url\":\"https:\/\/orchard-gallery.com\/\",\"logo\":{\"@type\":\"ImageObject\",\"inLanguage\":\"en-US\",\"@id\":\"https:\/\/orchard-gallery.com\/#\/schema\/logo\/image\/\",\"url\":\"https:\/\/www.orchard-gallery.com\/wp-content\/uploads\/2020\/05\/orchard_retina-.png\",\"contentUrl\":\"https:\/\/www.orchard-gallery.com\/wp-content\/uploads\/2020\/05\/orchard_retina-.png\",\"width\":400,\"height\":38,\"caption\":\"OrchardGallery\"},\"image\":{\"@id\":\"https:\/\/orchard-gallery.com\/#\/schema\/logo\/image\/\"},\"sameAs\":[\"https:\/\/www.facebook.com\/galleryorchard\/\",\"https:\/\/www.instagram.com\/artisticostores\/\",\"https:\/\/www.youtube.com\/channel\/UC6fZFM4tjduboVY2BzlFjzA\"]}]}<\/script>\n<!-- \/ Yoast SEO plugin. -->","yoast_head_json":{"title":"Norbert Judt -","robots":{"index":"index","follow":"follow","max-snippet":"max-snippet:-1","max-image-preview":"max-image-preview:large","max-video-preview":"max-video-preview:-1"},"canonical":"https:\/\/orchard-gallery.com\/en\/artists\/norbert-judt\/","og_locale":"en_US","og_type":"article","og_title":"Norbert Judt -","og_description":"[vc_row curly_padding=&#8221;content-padding&#8221; css=&#8221;.vc_custom_1504195713546{padding-bottom: 0px !important;}&#8221;][vc_column][vc_column_text] SLOVAK ARTISTNorbert Judt [\/vc_column_text][\/vc_column][vc_column width=&#8221;1\/3&#8243;][vc_single_image image=&#8221;3356&#8243; img_size=&#8221;full&#8221; alignment=&#8221;center&#8221; style=&#8221;xtd-shadow&#8211;normal-light&#8221; el_class=&#8221;xtd-offset-frame&#8221;][vc_btn title=&#8221;Go to e-shop&#8221; style=&#8221;btn-outline-primary&#8221; shape=&#8221;square&#8221; align=&#8221;center&#8221; link=&#8221;url:https%3A%2F%2Fwww.artisticostores.com%2Fcategories%2Fnorbert-judt-2%2F|title:Norbert%20Judt%20Artistico||&#8221;][\/vc_column][vc_column width=&#8221;2\/3&#8243; offset=&#8221;vc_col-lg-offset-1 vc_col-lg-7&#8243;][vc_column_text] Norbert Judt\u00a0was born on February 2nd, 1966 in Bratislava. His artistic talent has developed quite independently. In the beginnings, he was significantly influenced by fantasy literature, surrealism (Salvator Dali), and new figuration (J\u00falius Jakoby, Milan [&hellip;]","og_url":"https:\/\/orchard-gallery.com\/artists\/norbert-judt\/","article_publisher":"https:\/\/www.facebook.com\/galleryorchard\/","article_modified_time":"2020-11-30T17:30:14+00:00","twitter_card":"summary_large_image","twitter_misc":{"Est. reading time":"2 minutes"},"schema":{"@context":"https:\/\/schema.org","@graph":[{"@type":"WebPage","@id":"https:\/\/orchard-gallery.com\/artists\/norbert-judt\/","url":"https:\/\/orchard-gallery.com\/artists\/norbert-judt\/","name":"Norbert Judt -","isPartOf":{"@id":"https:\/\/orchard-gallery.com\/#website"},"datePublished":"2020-06-19T11:15:04+00:00","dateModified":"2020-11-30T17:30:14+00:00","breadcrumb":{"@id":"https:\/\/orchard-gallery.com\/artists\/norbert-judt\/#breadcrumb"},"inLanguage":"en-US","potentialAction":[{"@type":"ReadAction","target":["https:\/\/orchard-gallery.com\/artists\/norbert-judt\/"]}]},{"@type":"BreadcrumbList","@id":"https:\/\/orchard-gallery.com\/artists\/norbert-judt\/#breadcrumb","itemListElement":[{"@type":"ListItem","position":1,"name":"Dom\u016f","item":"https:\/\/orchard-gallery.com\/en\/"},{"@type":"ListItem","position":2,"name":"Artists","item":"https:\/\/orchard-gallery.com\/artists\/"},{"@type":"ListItem","position":3,"name":"Norbert Judt"}]},{"@type":"WebSite","@id":"https:\/\/orchard-gallery.com\/#website","url":"https:\/\/orchard-gallery.com\/","name":"Orchard Gallery","description":"","publisher":{"@id":"https:\/\/orchard-gallery.com\/#organization"},"potentialAction":[{"@type":"SearchAction","target":{"@type":"EntryPoint","urlTemplate":"https:\/\/orchard-gallery.com\/?s={search_term_string}"},"query-input":"required name=search_term_string"}],"inLanguage":"en-US"},{"@type":"Organization","@id":"https:\/\/orchard-gallery.com\/#organization","name":"OrchardGallery","url":"https:\/\/orchard-gallery.com\/","logo":{"@type":"ImageObject","inLanguage":"en-US","@id":"https:\/\/orchard-gallery.com\/#\/schema\/logo\/image\/","url":"https:\/\/www.orchard-gallery.com\/wp-content\/uploads\/2020\/05\/orchard_retina-.png","contentUrl":"https:\/\/www.orchard-gallery.com\/wp-content\/uploads\/2020\/05\/orchard_retina-.png","width":400,"height":38,"caption":"OrchardGallery"},"image":{"@id":"https:\/\/orchard-gallery.com\/#\/schema\/logo\/image\/"},"sameAs":["https:\/\/www.facebook.com\/galleryorchard\/","https:\/\/www.instagram.com\/artisticostores\/","https:\/\/www.youtube.com\/channel\/UC6fZFM4tjduboVY2BzlFjzA"]}]}},"_links":{"self":[{"href":"https:\/\/orchard-gallery.com\/en\/wp-json\/wp\/v2\/pages\/3368"}],"collection":[{"href":"https:\/\/orchard-gallery.com\/en\/wp-json\/wp\/v2\/pages"}],"about":[{"href":"https:\/\/orchard-gallery.com\/en\/wp-json\/wp\/v2\/types\/page"}],"author":[{"embeddable":true,"href":"https:\/\/orchard-gallery.com\/en\/wp-json\/wp\/v2\/users\/1"}],"replies":[{"embeddable":true,"href":"https:\/\/orchard-gallery.com\/en\/wp-json\/wp\/v2\/comments?post=3368"}],"version-history":[{"count":3,"href":"https:\/\/orchard-gallery.com\/en\/wp-json\/wp\/v2\/pages\/3368\/revisions"}],"predecessor-version":[{"id":4884,"href":"https:\/\/orchard-gallery.com\/en\/wp-json\/wp\/v2\/pages\/3368\/revisions\/4884"}],"up":[{"embeddable":true,"href":"https:\/\/orchard-gallery.com\/en\/wp-json\/wp\/v2\/pages\/667"}],"wp:attachment":[{"href":"https:\/\/orchard-gallery.com\/en\/wp-json\/wp\/v2\/media?parent=3368"}],"curies":[{"name":"wp","href":"https:\/\/api.w.org\/{rel}","templated":true}]}}