{"id":648,"date":"2017-09-01T17:51:02","date_gmt":"2017-09-01T17:51:02","guid":{"rendered":"http:\/\/www.orchard-gallery.com\/home\/"},"modified":"2020-04-17T15:57:01","modified_gmt":"2020-04-17T14:57:01","slug":"home","status":"publish","type":"page","link":"https:\/\/orchard-gallery.com\/de\/","title":{"rendered":"Home"},"content":{"rendered":"<section class=\"wpb-content-wrapper\">[vc_row curly_padding=&#8220;content-padding-xl&#8220;][vc_column][vc_column_text]\n<h1 class=\"special-title display-2\" style=\"text-align: center;\">Ausstellungen<\/h1>\n[\/vc_column_text]\t\t<div class=\"wcs-timetable__wrapper\">\n\t\t\t<div class=\"wcs-vue\" id=\"wcs-app-1\"><\/div>\n\t\t<\/div>\n\t\t[vc_empty_space height=&#8220;10px&#8220;][vc_btn title=&#8220;Alle Ausstellungen anzeigen&#8220; style=&#8220;btn-outline-primary&#8220; size=&#8220;lg&#8220; align=&#8220;center&#8220; i_align=&#8220;right&#8220; i_icon_fontawesome=&#8220;fa fa-long-arrow-right&#8220; add_icon=&#8220;true&#8220; link=&#8220;url:http%3A%2F%2Fwww.orchard-gallery.com%2Fcollection%2F|title:V%C3%BDstavy||&#8220;][\/vc_column][\/vc_row][vc_row gap=&#8220;35&#8243; curly_padding=&#8220;content-padding-lg&#8220; css=&#8220;.vc_custom_1572371103382{padding-top: 0px !important;}&#8220;][vc_column width=&#8220;2\/3&#8243; offset=&#8220;vc_col-sm-offset-2&#8243;][vc_column_text]\n<h2 class=\"display-1 special-title\" style=\"text-align: center;\">Orchard Gallery<br \/>\nOstrava<\/h2>\n[\/vc_column_text][\/vc_column][vc_column width=&#8220;2\/4&#8243;][vc_column_text]\n<p style=\"text-align: center;\"><span class=\"s1\"><span class=\"color-primary\"><strong>Orchard gallery<\/strong><\/span> ist ein teil des neu erbauten Orchard Business Parks, der ein neues ereigniszentrum mit einer dynamischen und komfortablen atmosph\u00e4re in der <\/span><span class=\"s1\">stadtmitte Ostrava errichtet.<\/span><\/p>\n<p class=\"p1\" style=\"text-align: center;\"><span class=\"s1\">Die <span class=\"color-primary\"><strong>Orchard Gallery<\/strong><\/span><\/span><span class=\"s2\">\u00a0<\/span><span class=\"s1\">wurde 2016 er\u00f6ffnet. Dieser interessante und originelle Raum wird seit 2018 von Shania, a.s., einer Aktiengesellschaft, genutzt, die in Zusammenarbeit mit Artisti &amp; CO s.r.o. Ausstellungen von Kunstwerken tschechischer und ausl\u00e4ndischer K\u00fcnstler organisiert.<\/span><\/p>\n<p class=\"p1\" style=\"text-align: center;\"><span class=\"s1\">Das Projekt zielt darauf ab, einen Beitrag zur Entwicklung des kulturellen und sozialen Genusses der Stadt Ostrava zu leisten, die \u00d6ffentlichkeit mit interessanten Kunstwerken und ihren Autoren bekannt zu machen und die Arbeit von K\u00fcnstlern aus der ganzen Welt, wie \u00c4thiopien, Indien und Ecuador, n\u00e4her zu bringen und Werke anzubieten, die nirgendwo in Europa gezeigt wurden. Das Unternehmen vertritt K\u00fcnstler und verf\u00fcgt \u00fcber eine breite Palette von Kunstwerken, die im modernen Umfeld der <span class=\"color-primary\"><strong>Orchard <\/strong><\/span><\/span><span class=\"color-primary\"><strong><span class=\"s2\">Gallery<\/span><\/strong><\/span><span class=\"s1\"> ausgestellt werden m\u00f6chten.<\/span><\/p>\n[\/vc_column_text][\/vc_column][vc_column width=&#8220;1\/2&#8243;][vc_single_image image=&#8220;649&#8243; img_size=&#8220;full&#8220; style=&#8220;xtd-shadow&#8211;normal-normal&#8220;][\/vc_column][\/vc_row]\n<\/section>","protected":false},"excerpt":{"rendered":"<p>[vc_row curly_padding=&#8220;content-padding-xl&#8220;][vc_column][vc_column_text] Ausstellungen [\/vc_column_text][vc_empty_space height=&#8220;10px&#8220;][vc_btn title=&#8220;Alle Ausstellungen anzeigen&#8220; style=&#8220;btn-outline-primary&#8220; size=&#8220;lg&#8220; align=&#8220;center&#8220; i_align=&#8220;right&#8220; i_icon_fontawesome=&#8220;fa fa-long-arrow-right&#8220; add_icon=&#8220;true&#8220; link=&#8220;url:http%3A%2F%2Fwww.orchard-gallery.com%2Fcollection%2F|title:V%C3%BDstavy||&#8220;][\/vc_column][\/vc_row][vc_row gap=&#8220;35&#8243; curly_padding=&#8220;content-padding-lg&#8220; css=&#8220;.vc_custom_1572371103382{padding-top: 0px !important;}&#8220;][vc_column width=&#8220;2\/3&#8243; offset=&#8220;vc_col-sm-offset-2&#8243;][vc_column_text] Orchard Gallery Ostrava [\/vc_column_text][\/vc_column][vc_column width=&#8220;2\/4&#8243;][vc_column_text] Orchard gallery ist ein teil des neu erbauten Orchard Business Parks, der ein neues ereigniszentrum mit einer dynamischen und komfortablen atmosph\u00e4re in der stadtmitte Ostrava errichtet. Die Orchard Gallery\u00a0wurde 2016 er\u00f6ffnet. Dieser [&hellip;]<\/p>\n","protected":false},"author":1,"featured_media":0,"parent":0,"menu_order":0,"comment_status":"closed","ping_status":"open","template":"","meta":{"footnotes":""},"yoast_head":"<!-- This site is optimized with the Yoast SEO plugin v22.7 - https:\/\/yoast.com\/wordpress\/plugins\/seo\/ -->\n<title>Home -<\/title>\n<meta name=\"robots\" content=\"index, follow, max-snippet:-1, max-image-preview:large, max-video-preview:-1\" \/>\n<link rel=\"canonical\" href=\"https:\/\/orchard-gallery.com\/de\/home\/\" \/>\n<meta property=\"og:locale\" content=\"de_DE\" \/>\n<meta property=\"og:type\" content=\"article\" \/>\n<meta property=\"og:title\" content=\"Home -\" \/>\n<meta property=\"og:description\" content=\"[vc_row curly_padding=&#8220;content-padding-xl&#8220;][vc_column][vc_column_text] Ausstellungen [\/vc_column_text][vc_empty_space height=&#8220;10px&#8220;][vc_btn title=&#8220;Alle Ausstellungen anzeigen&#8220; style=&#8220;btn-outline-primary&#8220; size=&#8220;lg&#8220; align=&#8220;center&#8220; i_align=&#8220;right&#8220; i_icon_fontawesome=&#8220;fa fa-long-arrow-right&#8220; add_icon=&#8220;true&#8220; link=&#8220;url:http%3A%2F%2Fwww.orchard-gallery.com%2Fcollection%2F|title:V%C3%BDstavy||&#8220;][\/vc_column][\/vc_row][vc_row gap=&#8220;35&#8243; curly_padding=&#8220;content-padding-lg&#8220; css=&#8220;.vc_custom_1572371103382{padding-top: 0px !important;}&#8220;][vc_column width=&#8220;2\/3&#8243; offset=&#8220;vc_col-sm-offset-2&#8243;][vc_column_text] Orchard Gallery Ostrava [\/vc_column_text][\/vc_column][vc_column width=&#8220;2\/4&#8243;][vc_column_text] Orchard gallery ist ein teil des neu erbauten Orchard Business Parks, der ein neues ereigniszentrum mit einer dynamischen und komfortablen atmosph\u00e4re in der stadtmitte Ostrava errichtet. Die Orchard Gallery\u00a0wurde 2016 er\u00f6ffnet. Dieser [&hellip;]\" \/>\n<meta property=\"og:url\" content=\"https:\/\/orchard-gallery.com\/home\/\" \/>\n<meta property=\"article:publisher\" content=\"https:\/\/www.facebook.com\/galleryorchard\/\" \/>\n<meta property=\"article:modified_time\" content=\"2020-04-17T14:57:01+00:00\" \/>\n<meta name=\"twitter:card\" content=\"summary_large_image\" \/>\n<meta name=\"twitter:label1\" content=\"Gesch\u00e4tzte Lesezeit\" \/>\n\t<meta name=\"twitter:data1\" content=\"1\u00a0Minute\" \/>\n<script type=\"application\/ld+json\" class=\"yoast-schema-graph\">{\"@context\":\"https:\/\/schema.org\",\"@graph\":[{\"@type\":\"WebPage\",\"@id\":\"https:\/\/orchard-gallery.com\/home\/\",\"url\":\"https:\/\/orchard-gallery.com\/home\/\",\"name\":\"Home -\",\"isPartOf\":{\"@id\":\"https:\/\/orchard-gallery.com\/#website\"},\"datePublished\":\"2017-09-01T17:51:02+00:00\",\"dateModified\":\"2020-04-17T14:57:01+00:00\",\"breadcrumb\":{\"@id\":\"https:\/\/orchard-gallery.com\/home\/#breadcrumb\"},\"inLanguage\":\"de\",\"potentialAction\":[{\"@type\":\"ReadAction\",\"target\":[\"https:\/\/orchard-gallery.com\/home\/\"]}]},{\"@type\":\"BreadcrumbList\",\"@id\":\"https:\/\/orchard-gallery.com\/home\/#breadcrumb\",\"itemListElement\":[{\"@type\":\"ListItem\",\"position\":1,\"name\":\"Dom\u016f\",\"item\":\"https:\/\/orchard-gallery.com\/home\/\"},{\"@type\":\"ListItem\",\"position\":2,\"name\":\"Home\"}]},{\"@type\":\"WebSite\",\"@id\":\"https:\/\/orchard-gallery.com\/#website\",\"url\":\"https:\/\/orchard-gallery.com\/\",\"name\":\"Orchard Gallery\",\"description\":\"\",\"publisher\":{\"@id\":\"https:\/\/orchard-gallery.com\/#organization\"},\"potentialAction\":[{\"@type\":\"SearchAction\",\"target\":{\"@type\":\"EntryPoint\",\"urlTemplate\":\"https:\/\/orchard-gallery.com\/?s={search_term_string}\"},\"query-input\":\"required name=search_term_string\"}],\"inLanguage\":\"de\"},{\"@type\":\"Organization\",\"@id\":\"https:\/\/orchard-gallery.com\/#organization\",\"name\":\"OrchardGallery\",\"url\":\"https:\/\/orchard-gallery.com\/\",\"logo\":{\"@type\":\"ImageObject\",\"inLanguage\":\"de\",\"@id\":\"https:\/\/orchard-gallery.com\/#\/schema\/logo\/image\/\",\"url\":\"https:\/\/www.orchard-gallery.com\/wp-content\/uploads\/2020\/05\/orchard_retina-.png\",\"contentUrl\":\"https:\/\/www.orchard-gallery.com\/wp-content\/uploads\/2020\/05\/orchard_retina-.png\",\"width\":400,\"height\":38,\"caption\":\"OrchardGallery\"},\"image\":{\"@id\":\"https:\/\/orchard-gallery.com\/#\/schema\/logo\/image\/\"},\"sameAs\":[\"https:\/\/www.facebook.com\/galleryorchard\/\",\"https:\/\/www.instagram.com\/artisticostores\/\",\"https:\/\/www.youtube.com\/channel\/UC6fZFM4tjduboVY2BzlFjzA\"]}]}<\/script>\n<!-- \/ Yoast SEO plugin. -->","yoast_head_json":{"title":"Home -","robots":{"index":"index","follow":"follow","max-snippet":"max-snippet:-1","max-image-preview":"max-image-preview:large","max-video-preview":"max-video-preview:-1"},"canonical":"https:\/\/orchard-gallery.com\/de\/home\/","og_locale":"de_DE","og_type":"article","og_title":"Home -","og_description":"[vc_row curly_padding=&#8220;content-padding-xl&#8220;][vc_column][vc_column_text] Ausstellungen [\/vc_column_text][vc_empty_space height=&#8220;10px&#8220;][vc_btn title=&#8220;Alle Ausstellungen anzeigen&#8220; style=&#8220;btn-outline-primary&#8220; size=&#8220;lg&#8220; align=&#8220;center&#8220; i_align=&#8220;right&#8220; i_icon_fontawesome=&#8220;fa fa-long-arrow-right&#8220; add_icon=&#8220;true&#8220; link=&#8220;url:http%3A%2F%2Fwww.orchard-gallery.com%2Fcollection%2F|title:V%C3%BDstavy||&#8220;][\/vc_column][\/vc_row][vc_row gap=&#8220;35&#8243; curly_padding=&#8220;content-padding-lg&#8220; css=&#8220;.vc_custom_1572371103382{padding-top: 0px !important;}&#8220;][vc_column width=&#8220;2\/3&#8243; offset=&#8220;vc_col-sm-offset-2&#8243;][vc_column_text] Orchard Gallery Ostrava [\/vc_column_text][\/vc_column][vc_column width=&#8220;2\/4&#8243;][vc_column_text] Orchard gallery ist ein teil des neu erbauten Orchard Business Parks, der ein neues ereigniszentrum mit einer dynamischen und komfortablen atmosph\u00e4re in der stadtmitte Ostrava errichtet. Die Orchard Gallery\u00a0wurde 2016 er\u00f6ffnet. Dieser [&hellip;]","og_url":"https:\/\/orchard-gallery.com\/home\/","article_publisher":"https:\/\/www.facebook.com\/galleryorchard\/","article_modified_time":"2020-04-17T14:57:01+00:00","twitter_card":"summary_large_image","twitter_misc":{"Gesch\u00e4tzte Lesezeit":"1\u00a0Minute"},"schema":{"@context":"https:\/\/schema.org","@graph":[{"@type":"WebPage","@id":"https:\/\/orchard-gallery.com\/home\/","url":"https:\/\/orchard-gallery.com\/home\/","name":"Home -","isPartOf":{"@id":"https:\/\/orchard-gallery.com\/#website"},"datePublished":"2017-09-01T17:51:02+00:00","dateModified":"2020-04-17T14:57:01+00:00","breadcrumb":{"@id":"https:\/\/orchard-gallery.com\/home\/#breadcrumb"},"inLanguage":"de","potentialAction":[{"@type":"ReadAction","target":["https:\/\/orchard-gallery.com\/home\/"]}]},{"@type":"BreadcrumbList","@id":"https:\/\/orchard-gallery.com\/home\/#breadcrumb","itemListElement":[{"@type":"ListItem","position":1,"name":"Dom\u016f","item":"https:\/\/orchard-gallery.com\/home\/"},{"@type":"ListItem","position":2,"name":"Home"}]},{"@type":"WebSite","@id":"https:\/\/orchard-gallery.com\/#website","url":"https:\/\/orchard-gallery.com\/","name":"Orchard Gallery","description":"","publisher":{"@id":"https:\/\/orchard-gallery.com\/#organization"},"potentialAction":[{"@type":"SearchAction","target":{"@type":"EntryPoint","urlTemplate":"https:\/\/orchard-gallery.com\/?s={search_term_string}"},"query-input":"required name=search_term_string"}],"inLanguage":"de"},{"@type":"Organization","@id":"https:\/\/orchard-gallery.com\/#organization","name":"OrchardGallery","url":"https:\/\/orchard-gallery.com\/","logo":{"@type":"ImageObject","inLanguage":"de","@id":"https:\/\/orchard-gallery.com\/#\/schema\/logo\/image\/","url":"https:\/\/www.orchard-gallery.com\/wp-content\/uploads\/2020\/05\/orchard_retina-.png","contentUrl":"https:\/\/www.orchard-gallery.com\/wp-content\/uploads\/2020\/05\/orchard_retina-.png","width":400,"height":38,"caption":"OrchardGallery"},"image":{"@id":"https:\/\/orchard-gallery.com\/#\/schema\/logo\/image\/"},"sameAs":["https:\/\/www.facebook.com\/galleryorchard\/","https:\/\/www.instagram.com\/artisticostores\/","https:\/\/www.youtube.com\/channel\/UC6fZFM4tjduboVY2BzlFjzA"]}]}},"_links":{"self":[{"href":"https:\/\/orchard-gallery.com\/de\/wp-json\/wp\/v2\/pages\/648"}],"collection":[{"href":"https:\/\/orchard-gallery.com\/de\/wp-json\/wp\/v2\/pages"}],"about":[{"href":"https:\/\/orchard-gallery.com\/de\/wp-json\/wp\/v2\/types\/page"}],"author":[{"embeddable":true,"href":"https:\/\/orchard-gallery.com\/de\/wp-json\/wp\/v2\/users\/1"}],"replies":[{"embeddable":true,"href":"https:\/\/orchard-gallery.com\/de\/wp-json\/wp\/v2\/comments?post=648"}],"version-history":[{"count":4,"href":"https:\/\/orchard-gallery.com\/de\/wp-json\/wp\/v2\/pages\/648\/revisions"}],"predecessor-version":[{"id":2990,"href":"https:\/\/orchard-gallery.com\/de\/wp-json\/wp\/v2\/pages\/648\/revisions\/2990"}],"wp:attachment":[{"href":"https:\/\/orchard-gallery.com\/de\/wp-json\/wp\/v2\/media?parent=648"}],"curies":[{"name":"wp","href":"https:\/\/api.w.org\/{rel}","templated":true}]}}