{"id":631,"date":"2017-09-05T15:27:37","date_gmt":"2017-09-05T14:27:37","guid":{"rendered":"http:\/\/www.orchard-gallery.com\/cyril-uhnak\/"},"modified":"2020-11-30T18:03:05","modified_gmt":"2020-11-30T17:03:05","slug":"cyril-uhnak","status":"publish","type":"page","link":"https:\/\/orchard-gallery.com\/de\/artists\/cyril-uhnak\/","title":{"rendered":"Cyril Uhn\u00e1k"},"content":{"rendered":"<section class=\"wpb-content-wrapper\">[vc_row curly_padding=&#8220;content-padding&#8220; css=&#8220;.vc_custom_1504195713546{padding-bottom: 0px !important;}&#8220;][vc_column][vc_column_text]\n<h1 class=\"display-2 special-title\" style=\"text-align: center;\"><small>SLOWAKEISCHER K\u00dcNSTLER<\/small> Cyril Uhn\u00e1k<\/h1>\n[\/vc_column_text][vc_empty_space height=&#8220;&#8220; el_class=&#8220;xtd-spacer&#8220;][\/vc_column][vc_column width=&#8220;1\/3&#8243;][vc_single_image image=&#8220;632&#8243; img_size=&#8220;full&#8220; style=&#8220;xtd-shadow&#8211;normal-light&#8220; el_class=&#8220;xtd-offset-frame&#8220;][\/vc_column][vc_column width=&#8220;2\/3&#8243; offset=&#8220;vc_col-lg-offset-1 vc_col-lg-7&#8243;][vc_empty_space height=&#8220;45px&#8220;][vc_column_text]\n<p style=\"text-align: justify;\">Das Leben und Werk von Cyril Uhn\u00e1k ist von Kreisen gepr\u00e4gt. Er ist 1959 in C\u030cajkov geboren, einer Region des ehemaligen Gaus Tekov, der reich an spezifischen Volkstraditionen war. Der direkte und unmittelbare Kontakt mit dem unwiederholbaren Ph\u00e4nomen der schlichten Sch\u00f6nheit, des \u00e4sthetischen Gef\u00fchls und der materiellen Authentizit\u00e4t ist zu einem bestimmenden Element im Kreis der Wanderung und R\u00fcckkehr geworden, um Kunst im In- und Ausland zu betrachten. Nach Abschluss seines Studiums an der Slowakischen Technischen Universit\u00e4t war er 10 Jahre im technischen Fach t\u00e4tig.<\/p>\n[\/vc_column_text][vc_btn title=&#8220;Gehe in den E-Shop&#8220; style=&#8220;btn-outline-primary&#8220; shape=&#8220;square&#8220; align=&#8220;center&#8220; link=&#8220;url:https%3A%2F%2Fwww.artisticostores.com%2Fde%2Fprodukt-kategorie%2Fcyril-uhnak-de%2F|title:Cyril%20Uhnak%20Artistico||&#8220;][\/vc_column][\/vc_row][vc_row gap=&#8220;35&#8243; content_placement=&#8220;middle&#8220;][vc_column width=&#8220;1\/3&#8243;][vc_column_text]\n<p style=\"text-align: justify;\">Seit 1993 widmet er sich der bildenden Kunst. Er lebt und arbeitet in Bratislava. Nachdem er mehrere Jahre Erfahrungen sammelte und verifizierte, befasste er sich mit verschiedenen Themen und Motiven, indem er Zyklen schuf. In den Anfangsjahren widmete er sich der Architektur. Er studierte die Vedute von Venedig nach Canaletto, Fragmente von Bratislava-Dominanten. Sp\u00e4ter war es ein Zyklus \u00fcber die Donau. Er bildete das Panorama der slowakischen Berge in dem Werk Karpaten ab. Aus der Sicht der \u00e4u\u00dferen Erfahrung nimmt er die Poesie und Melodik der slowakischen Landschaft wahr und entwickelt sie. Im Dialog der klassischen Malerei mit modernen Gem\u00e4lden und Ans\u00e4tzen betritt den Weg von Martin Benko, Karol Plick\u00fd und anderen.<\/p>\n<p style=\"text-align: justify;\">Das Genre der Malerei ist statisch und doch im Zyklus Tanze, Singe (Zatancuj Zaspievaj) evoziert Uhn\u00e1k eine Art filmischer, dramatischer, farbenfroher Verspieltheit,\u00a0 sowie Tanzrhythmus und Bewegungsfreude.\u00a0\u00a0 Auf einem abstrakten Hintergrund defilieren vor uns bewegliche farbige Materien. Die wilde, synthetische Materialit\u00e4t von Acryl polemisiert mit der Nat\u00fcrlichkeit und Erdigkeit des Ursprungs.<\/p>\n[\/vc_column_text][\/vc_column][vc_column width=&#8220;1\/3&#8243;][vc_single_image image=&#8220;2553&#8243; img_size=&#8220;full&#8220; alignment=&#8220;center&#8220; style=&#8220;xtd-shadow&#8211;normal-normal&#8220;][\/vc_column][vc_column width=&#8220;1\/3&#8243;][vc_single_image image=&#8220;2551&#8243; img_size=&#8220;full&#8220; style=&#8220;xtd-shadow&#8211;normal-normal&#8220;][\/vc_column][vc_column][vc_row_inner][vc_column_inner width=&#8220;1\/3&#8243;][vc_single_image image=&#8220;2554&#8243; img_size=&#8220;full&#8220;][\/vc_column_inner][vc_column_inner width=&#8220;2\/3&#8243;][vc_column_text]\n<p style=\"text-align: justify;\">Kompositorisch schafft er ausdrucksstarke Farbakkorde im Vordergrund, mit einer allm\u00e4hlichen Dematerialisierung der szenischen Hintergr\u00fcnde, w\u00e4hrend er mit der Umkehrung von Raumpl\u00e4nen spielt. Im zweiten Teil verwendet er auf grob strukturierten Leinw\u00e4nden die Methode der Schwer\u00f6llasuren und ehrt die venezianische Malerei. \u00d6l ist ein menschliches Gesicht f\u00fcr den Maler. Es ist die Materialisierung der F\u00fclle und nicht die Austauschbarkeit des Lebens. Auf einem erh\u00f6hten Hintergrundhorizont schweben die Berge durch die T\u00e4ler des Sommernebels. Lassen wir uns vom Echos lang gesungener Lieder bei der Heuernte, elegischen, r\u00fchrseligen Fujara-T\u00f6nen oder vom Gesang eines\u00a0 einsamen Hirten bezaubern.<\/p>\n<p style=\"text-align: justify;\">In Bezug auf Cyrils Werk erlaube ich mir, den Titel des Buches \u201eLust zu leben\u201c (Chut\u030c \u017eit\u030c) von Teilhard de Chardin zu paraphrasieren. Im Laufe des Alltags tr\u00e4gt er festliche Akzente der fernen und nahen Vergangenheit und &#8222;mit Lust und Freude malt sein Buch von heute&#8220;. Kurz gesagt, sein Werk ist ein polemisches Zusammenspiel mit destruktiver Kraft. Es ist eine Demonstration und Materialisierung der Begeisterung f\u00fcr das Zusammenspiel von Geschenk und Geschmack des Lebens.<\/p>\n[\/vc_column_text][\/vc_column_inner][\/vc_row_inner][vc_column_text]\n<h3 style=\"text-align: center;\">Ausstellung<\/h3>\n[\/vc_column_text][vc_row_inner][vc_column_inner width=&#8220;1\/3&#8243;][vc_column_text]\n<ul>\n<li>1992 Lauda, Nemecko, Galeria Sack Meixner<\/li>\n<li>1993 Frankfurt\/Main, Nemecko, Slovart<\/li>\n<li>1995 Bad Homburg, Nemecko, Tennis Club<\/li>\n<li>1996 Lauda, Nemecko, Galeria Sack Meixner<\/li>\n<li>1998 Seattle, USA, Gallery Magna<\/li>\n<li>1999 Bratislava, Slovensko, Gale\u0301ria Pol\u030cnobanky<\/li>\n<li>1999 Bratislava, Slovensko, Gale\u0301ria Artemiss<\/li>\n<li>1999 Bratislava, Slovensko, Danube Art Gallery<\/li>\n<li>2000 Puerto Andratx, S\u030cpanielsko, Casa Nova<\/li>\n<li>2000 Bangkog, Thajsko, ICV<\/li>\n<li>2000 Senec, Slovensko, Hotel Senec<\/li>\n<li>2001 Puerto Andratx, S\u030cpanielsko, Villa Italia<\/li>\n<li>2002 Bratislava, Slovensko, Gale\u0301ria Pol\u030cnobanky<\/li>\n<li>2002 Bratislava, Slovensko, Porsche Interauto<\/li>\n<li>2002 Bratislava, Slovensko, AmCham<\/li>\n<li>2002 Levice, Slovensko, Gale\u0301ria J.Ne\u0301cseya<\/li>\n<li>2002 Makarska, Chorva\u0301tsko, Hotel Meteor<\/li>\n<li>2003 Bratislava, Slovensko, Hotel Holiday Inn<\/li>\n<li>2003 Bratislava, Slovensko, Gale\u0301ria Forma Polus<\/li>\n<li>2003 Bratislava, Slovensko, Aegon<\/li>\n<li>2003 Bratislava, Slovensko, AmCham<\/li>\n<li>2003 Senec, Slovensko, Hotel Senec<\/li>\n<li>2003 C\u030cajkov, Slovensko, Mu\u0301zeum OU\u0301<\/li>\n<\/ul>\n[\/vc_column_text][\/vc_column_inner][vc_column_inner width=&#8220;1\/3&#8243;][vc_column_text]\n<ul>\n<li>2004 Bratislava, Slovensko, Romeo &amp; Julietta<\/li>\n<li>2004 Bratislava, Slovensko, Gale\u0301ria Thoha<\/li>\n<li>2004 Pies\u030ct\u030cany, Slovensko, Gale\u0301ria Fonta\u0301na<\/li>\n<li>2005 Brusel, Belgicko, Berlaymont, EK<\/li>\n<li>2005 Lauda, Nemecko, Goldener Stern<\/li>\n<li>2006 Vieden\u030c, Raku\u0301sko, Radisson Hotel<\/li>\n<li>2006 Pies\u030ct\u030cany, Slovensko, S\u030candor pavilon<\/li>\n<li>2006 Budapes\u030ct\u030c, Mad\u030carsko, Slovensky\u0301 ins\u030ctitu\u0301t<\/li>\n<li>2007 Wars\u030cava, Pol\u030csko, Slovensky\u0301 institu\u0301t<\/li>\n<li>2007 Wars\u030cava, Pol\u030csko, Mu\u0301zeum mesta Wars\u030cava<\/li>\n<li>2007 Bialsko Biala, Pol\u030csko, Beskydska\u0301 kniz\u030cnica<\/li>\n<li>2007 Londy\u0301n, Vel\u030cka\u0301 Brita\u0301nia, Vel\u030cvyslanectvo SR<\/li>\n<li>2007 Bratislava, Slovensko, Gale\u0301ria Thoha<\/li>\n<li>2008 Bratislava, Slovensko, Gerulata \u00ad- Rusovce<\/li>\n<li>2008 Monaco, Francu\u0301zsko, Galeria Artemisia<\/li>\n<li>2008 Londy\u0301n, Vel\u030cka\u0301 Brita\u0301nia, Rols Royce HR Owen<\/li>\n<li>2008 Bratislava, Slovensko, Gale\u0301ria Thoha<\/li>\n<li>2009 Bratislava, Slovensko, Gale\u0301ria Pa\u0301llfyho pala\u0301c Za\u0301mocka\u0301 ul.<\/li>\n<li>2009 Praha, C\u030cesko, Slovensky\u0301 institu\u0301t<\/li>\n<li>2009 Washington, USA, Vel\u030cvyslanectvo SR<\/li>\n<li>2009 Levice, Slovensko, Gale\u0301ria J.Ne\u0301cseya<\/li>\n<li>2009 Bratislava, Slovensko, Gale\u0301ria Thoha<\/li>\n<\/ul>\n[\/vc_column_text][\/vc_column_inner][vc_column_inner width=&#8220;1\/3&#8243;][vc_column_text]\n<ul>\n<li>2010 Galanta, Slovensko, Salo\u0301n Galanta<\/li>\n<li>2010 Bratislava, Slovensko, Gale\u0301ria Michalsky\u0301 dvor<\/li>\n<li>2011 Brusel, Belgicko, SKM Brusel<\/li>\n<li>2011 Brusel, Belgicko, Galerie Incontri<\/li>\n<li>2011 Pies\u030ct\u030cany, Slovensko, Dom umenia<\/li>\n<li>2011 Galanta, Slovensko, Gale\u0301ria Renesanc\u030cny\u0301 kostel<\/li>\n<li>2011 Bratislava, Slovensko, Gale\u0301ria Sala Terena, Grasalkovic\u030cov pala\u0301c<\/li>\n<li>2011 Bratislava, Slovensko, Rosso Nero<\/li>\n<li>2012 Bratislava, Slovensko, Artistico Shopping Palace<\/li>\n<li>2012 Florencia, Taliansko, Galeria Mentana<\/li>\n<li>2013 Praha, C\u030cesko, Artistico O2 Arena, Galerie Harfa<\/li>\n<li>2014 Bratislava, Slovensko, Company Art<\/li>\n<li>2014 Voderady, Slovensko, Artistico<\/li>\n<li>2014 Viden\u030c, Raku\u0301sko, Artistico SCS<\/li>\n<li>2016C\u030cierna Voda, Slovensko, Atlanti\u0301da<\/li>\n<li>2017 Bratislava, Slovensko, Gale\u0301ria NR SR, Hrad<\/li>\n<li>2018 Orchard Gallery Ostrava<\/li>\n<li>2018 V\u00fdstavn\u00ed s\u00ed\u0148 M\u00e1nes Praha<\/li>\n<li>2019 Orchard Gallery Ostrava<\/li>\n<\/ul>\n[\/vc_column_text][\/vc_column_inner][\/vc_row_inner][\/vc_column][\/vc_row]\n<\/section>","protected":false},"excerpt":{"rendered":"<p>[vc_row curly_padding=&#8220;content-padding&#8220; css=&#8220;.vc_custom_1504195713546{padding-bottom: 0px !important;}&#8220;][vc_column][vc_column_text] SLOWAKEISCHER K\u00dcNSTLER Cyril Uhn\u00e1k [\/vc_column_text][vc_empty_space height=&#8220;&#8220; el_class=&#8220;xtd-spacer&#8220;][\/vc_column][vc_column width=&#8220;1\/3&#8243;][vc_single_image image=&#8220;632&#8243; img_size=&#8220;full&#8220; style=&#8220;xtd-shadow&#8211;normal-light&#8220; el_class=&#8220;xtd-offset-frame&#8220;][\/vc_column][vc_column width=&#8220;2\/3&#8243; offset=&#8220;vc_col-lg-offset-1 vc_col-lg-7&#8243;][vc_empty_space height=&#8220;45px&#8220;][vc_column_text] Das Leben und Werk von Cyril Uhn\u00e1k ist von Kreisen gepr\u00e4gt. Er ist 1959 in C\u030cajkov geboren, einer Region des ehemaligen Gaus Tekov, der reich an spezifischen Volkstraditionen war. Der direkte und unmittelbare Kontakt mit dem unwiederholbaren Ph\u00e4nomen der [&hellip;]<\/p>\n","protected":false},"author":1,"featured_media":0,"parent":668,"menu_order":0,"comment_status":"closed","ping_status":"closed","template":"","meta":{"footnotes":""},"yoast_head":"<!-- This site is optimized with the Yoast SEO plugin v22.7 - https:\/\/yoast.com\/wordpress\/plugins\/seo\/ -->\n<title>Cyril Uhn\u00e1k -<\/title>\n<meta name=\"robots\" content=\"index, follow, max-snippet:-1, max-image-preview:large, max-video-preview:-1\" \/>\n<link rel=\"canonical\" href=\"https:\/\/orchard-gallery.com\/de\/artists\/cyril-uhnak\/\" \/>\n<meta property=\"og:locale\" content=\"de_DE\" \/>\n<meta property=\"og:type\" content=\"article\" \/>\n<meta property=\"og:title\" content=\"Cyril Uhn\u00e1k -\" \/>\n<meta property=\"og:description\" content=\"[vc_row curly_padding=&#8220;content-padding&#8220; css=&#8220;.vc_custom_1504195713546{padding-bottom: 0px !important;}&#8220;][vc_column][vc_column_text] SLOWAKEISCHER K\u00dcNSTLER Cyril Uhn\u00e1k [\/vc_column_text][vc_empty_space height=&#8220;&#8220; el_class=&#8220;xtd-spacer&#8220;][\/vc_column][vc_column width=&#8220;1\/3&#8243;][vc_single_image image=&#8220;632&#8243; img_size=&#8220;full&#8220; style=&#8220;xtd-shadow&#8211;normal-light&#8220; el_class=&#8220;xtd-offset-frame&#8220;][\/vc_column][vc_column width=&#8220;2\/3&#8243; offset=&#8220;vc_col-lg-offset-1 vc_col-lg-7&#8243;][vc_empty_space height=&#8220;45px&#8220;][vc_column_text] Das Leben und Werk von Cyril Uhn\u00e1k ist von Kreisen gepr\u00e4gt. Er ist 1959 in C\u030cajkov geboren, einer Region des ehemaligen Gaus Tekov, der reich an spezifischen Volkstraditionen war. Der direkte und unmittelbare Kontakt mit dem unwiederholbaren Ph\u00e4nomen der [&hellip;]\" \/>\n<meta property=\"og:url\" content=\"https:\/\/orchard-gallery.com\/artists\/cyril-uhnak\/\" \/>\n<meta property=\"article:publisher\" content=\"https:\/\/www.facebook.com\/galleryorchard\/\" \/>\n<meta property=\"article:modified_time\" content=\"2020-11-30T17:03:05+00:00\" \/>\n<meta name=\"twitter:card\" content=\"summary_large_image\" \/>\n<meta name=\"twitter:label1\" content=\"Gesch\u00e4tzte Lesezeit\" \/>\n\t<meta name=\"twitter:data1\" content=\"5\u00a0Minuten\" \/>\n<script type=\"application\/ld+json\" class=\"yoast-schema-graph\">{\"@context\":\"https:\/\/schema.org\",\"@graph\":[{\"@type\":\"WebPage\",\"@id\":\"https:\/\/orchard-gallery.com\/artists\/cyril-uhnak\/\",\"url\":\"https:\/\/orchard-gallery.com\/artists\/cyril-uhnak\/\",\"name\":\"Cyril Uhn\u00e1k -\",\"isPartOf\":{\"@id\":\"https:\/\/orchard-gallery.com\/#website\"},\"datePublished\":\"2017-09-05T14:27:37+00:00\",\"dateModified\":\"2020-11-30T17:03:05+00:00\",\"breadcrumb\":{\"@id\":\"https:\/\/orchard-gallery.com\/artists\/cyril-uhnak\/#breadcrumb\"},\"inLanguage\":\"de\",\"potentialAction\":[{\"@type\":\"ReadAction\",\"target\":[\"https:\/\/orchard-gallery.com\/artists\/cyril-uhnak\/\"]}]},{\"@type\":\"BreadcrumbList\",\"@id\":\"https:\/\/orchard-gallery.com\/artists\/cyril-uhnak\/#breadcrumb\",\"itemListElement\":[{\"@type\":\"ListItem\",\"position\":1,\"name\":\"Dom\u016f\",\"item\":\"https:\/\/orchard-gallery.com\/home\/\"},{\"@type\":\"ListItem\",\"position\":2,\"name\":\"K\u00fcnstler\",\"item\":\"https:\/\/orchard-gallery.com\/de\/artists\/\"},{\"@type\":\"ListItem\",\"position\":3,\"name\":\"Cyril Uhn\u00e1k\"}]},{\"@type\":\"WebSite\",\"@id\":\"https:\/\/orchard-gallery.com\/#website\",\"url\":\"https:\/\/orchard-gallery.com\/\",\"name\":\"Orchard Gallery\",\"description\":\"\",\"publisher\":{\"@id\":\"https:\/\/orchard-gallery.com\/#organization\"},\"potentialAction\":[{\"@type\":\"SearchAction\",\"target\":{\"@type\":\"EntryPoint\",\"urlTemplate\":\"https:\/\/orchard-gallery.com\/?s={search_term_string}\"},\"query-input\":\"required name=search_term_string\"}],\"inLanguage\":\"de\"},{\"@type\":\"Organization\",\"@id\":\"https:\/\/orchard-gallery.com\/#organization\",\"name\":\"OrchardGallery\",\"url\":\"https:\/\/orchard-gallery.com\/\",\"logo\":{\"@type\":\"ImageObject\",\"inLanguage\":\"de\",\"@id\":\"https:\/\/orchard-gallery.com\/#\/schema\/logo\/image\/\",\"url\":\"https:\/\/www.orchard-gallery.com\/wp-content\/uploads\/2020\/05\/orchard_retina-.png\",\"contentUrl\":\"https:\/\/www.orchard-gallery.com\/wp-content\/uploads\/2020\/05\/orchard_retina-.png\",\"width\":400,\"height\":38,\"caption\":\"OrchardGallery\"},\"image\":{\"@id\":\"https:\/\/orchard-gallery.com\/#\/schema\/logo\/image\/\"},\"sameAs\":[\"https:\/\/www.facebook.com\/galleryorchard\/\",\"https:\/\/www.instagram.com\/artisticostores\/\",\"https:\/\/www.youtube.com\/channel\/UC6fZFM4tjduboVY2BzlFjzA\"]}]}<\/script>\n<!-- \/ Yoast SEO plugin. -->","yoast_head_json":{"title":"Cyril Uhn\u00e1k -","robots":{"index":"index","follow":"follow","max-snippet":"max-snippet:-1","max-image-preview":"max-image-preview:large","max-video-preview":"max-video-preview:-1"},"canonical":"https:\/\/orchard-gallery.com\/de\/artists\/cyril-uhnak\/","og_locale":"de_DE","og_type":"article","og_title":"Cyril Uhn\u00e1k -","og_description":"[vc_row curly_padding=&#8220;content-padding&#8220; css=&#8220;.vc_custom_1504195713546{padding-bottom: 0px !important;}&#8220;][vc_column][vc_column_text] SLOWAKEISCHER K\u00dcNSTLER Cyril Uhn\u00e1k [\/vc_column_text][vc_empty_space height=&#8220;&#8220; el_class=&#8220;xtd-spacer&#8220;][\/vc_column][vc_column width=&#8220;1\/3&#8243;][vc_single_image image=&#8220;632&#8243; img_size=&#8220;full&#8220; style=&#8220;xtd-shadow&#8211;normal-light&#8220; el_class=&#8220;xtd-offset-frame&#8220;][\/vc_column][vc_column width=&#8220;2\/3&#8243; offset=&#8220;vc_col-lg-offset-1 vc_col-lg-7&#8243;][vc_empty_space height=&#8220;45px&#8220;][vc_column_text] Das Leben und Werk von Cyril Uhn\u00e1k ist von Kreisen gepr\u00e4gt. Er ist 1959 in C\u030cajkov geboren, einer Region des ehemaligen Gaus Tekov, der reich an spezifischen Volkstraditionen war. Der direkte und unmittelbare Kontakt mit dem unwiederholbaren Ph\u00e4nomen der [&hellip;]","og_url":"https:\/\/orchard-gallery.com\/artists\/cyril-uhnak\/","article_publisher":"https:\/\/www.facebook.com\/galleryorchard\/","article_modified_time":"2020-11-30T17:03:05+00:00","twitter_card":"summary_large_image","twitter_misc":{"Gesch\u00e4tzte Lesezeit":"5\u00a0Minuten"},"schema":{"@context":"https:\/\/schema.org","@graph":[{"@type":"WebPage","@id":"https:\/\/orchard-gallery.com\/artists\/cyril-uhnak\/","url":"https:\/\/orchard-gallery.com\/artists\/cyril-uhnak\/","name":"Cyril Uhn\u00e1k -","isPartOf":{"@id":"https:\/\/orchard-gallery.com\/#website"},"datePublished":"2017-09-05T14:27:37+00:00","dateModified":"2020-11-30T17:03:05+00:00","breadcrumb":{"@id":"https:\/\/orchard-gallery.com\/artists\/cyril-uhnak\/#breadcrumb"},"inLanguage":"de","potentialAction":[{"@type":"ReadAction","target":["https:\/\/orchard-gallery.com\/artists\/cyril-uhnak\/"]}]},{"@type":"BreadcrumbList","@id":"https:\/\/orchard-gallery.com\/artists\/cyril-uhnak\/#breadcrumb","itemListElement":[{"@type":"ListItem","position":1,"name":"Dom\u016f","item":"https:\/\/orchard-gallery.com\/home\/"},{"@type":"ListItem","position":2,"name":"K\u00fcnstler","item":"https:\/\/orchard-gallery.com\/de\/artists\/"},{"@type":"ListItem","position":3,"name":"Cyril Uhn\u00e1k"}]},{"@type":"WebSite","@id":"https:\/\/orchard-gallery.com\/#website","url":"https:\/\/orchard-gallery.com\/","name":"Orchard Gallery","description":"","publisher":{"@id":"https:\/\/orchard-gallery.com\/#organization"},"potentialAction":[{"@type":"SearchAction","target":{"@type":"EntryPoint","urlTemplate":"https:\/\/orchard-gallery.com\/?s={search_term_string}"},"query-input":"required name=search_term_string"}],"inLanguage":"de"},{"@type":"Organization","@id":"https:\/\/orchard-gallery.com\/#organization","name":"OrchardGallery","url":"https:\/\/orchard-gallery.com\/","logo":{"@type":"ImageObject","inLanguage":"de","@id":"https:\/\/orchard-gallery.com\/#\/schema\/logo\/image\/","url":"https:\/\/www.orchard-gallery.com\/wp-content\/uploads\/2020\/05\/orchard_retina-.png","contentUrl":"https:\/\/www.orchard-gallery.com\/wp-content\/uploads\/2020\/05\/orchard_retina-.png","width":400,"height":38,"caption":"OrchardGallery"},"image":{"@id":"https:\/\/orchard-gallery.com\/#\/schema\/logo\/image\/"},"sameAs":["https:\/\/www.facebook.com\/galleryorchard\/","https:\/\/www.instagram.com\/artisticostores\/","https:\/\/www.youtube.com\/channel\/UC6fZFM4tjduboVY2BzlFjzA"]}]}},"_links":{"self":[{"href":"https:\/\/orchard-gallery.com\/de\/wp-json\/wp\/v2\/pages\/631"}],"collection":[{"href":"https:\/\/orchard-gallery.com\/de\/wp-json\/wp\/v2\/pages"}],"about":[{"href":"https:\/\/orchard-gallery.com\/de\/wp-json\/wp\/v2\/types\/page"}],"author":[{"embeddable":true,"href":"https:\/\/orchard-gallery.com\/de\/wp-json\/wp\/v2\/users\/1"}],"replies":[{"embeddable":true,"href":"https:\/\/orchard-gallery.com\/de\/wp-json\/wp\/v2\/comments?post=631"}],"version-history":[{"count":11,"href":"https:\/\/orchard-gallery.com\/de\/wp-json\/wp\/v2\/pages\/631\/revisions"}],"predecessor-version":[{"id":4854,"href":"https:\/\/orchard-gallery.com\/de\/wp-json\/wp\/v2\/pages\/631\/revisions\/4854"}],"up":[{"embeddable":true,"href":"https:\/\/orchard-gallery.com\/de\/wp-json\/wp\/v2\/pages\/668"}],"wp:attachment":[{"href":"https:\/\/orchard-gallery.com\/de\/wp-json\/wp\/v2\/media?parent=631"}],"curies":[{"name":"wp","href":"https:\/\/api.w.org\/{rel}","templated":true}]}}