{"id":625,"date":"2017-09-05T15:27:00","date_gmt":"2017-09-05T14:27:00","guid":{"rendered":"http:\/\/www.orchard-gallery.com\/vladimir-domnicev\/"},"modified":"2020-11-30T18:47:40","modified_gmt":"2020-11-30T17:47:40","slug":"vladimir-domnicev","status":"publish","type":"page","link":"https:\/\/orchard-gallery.com\/de\/artists\/vladimir-domnicev\/","title":{"rendered":"Vladimir Domni\u010dev"},"content":{"rendered":"<section class=\"wpb-content-wrapper\">[vc_row curly_padding=&#8220;content-padding&#8220; css=&#8220;.vc_custom_1504195713546{padding-bottom: 0px !important;}&#8220;][vc_column][vc_column_text]\n<h1 class=\"display-2 special-title\" style=\"text-align: center;\"><small>RUSK\u00dd V\u00ddTVARN\u00cdK<\/small> Vladimir Domni\u010dev<\/h1>\n[\/vc_column_text][vc_empty_space height=&#8220;&#8220; el_class=&#8220;xtd-spacer&#8220;][\/vc_column][vc_column width=&#8220;1\/3&#8243;][vc_single_image image=&#8220;626&#8243; img_size=&#8220;full&#8220; style=&#8220;xtd-shadow&#8211;normal-light&#8220; el_class=&#8220;xtd-offset-frame&#8220;][\/vc_column][vc_column width=&#8220;2\/3&#8243; offset=&#8220;vc_col-lg-offset-1 vc_col-lg-7&#8243;][vc_empty_space height=&#8220;50px&#8220;][vc_column_text]\n<p style=\"text-align: justify;\">Der russische K\u00fcnstler Vladimir Domni\u010dev ist in Ivanov bei Moskau geboren. Er absolvierte die Ingenieur- und Technische Akademie in Moskau, wo er den Titel Ingenieur und sp\u00e4ter auch Kandidat der Wissenschaften (CSc) erhielt. Er interessierte sich jedoch viel mehr f\u00fcr Kunst, als f\u00fcr Wissehschaft oder Bildung; der Kunst widmete er sich sehr intensiv seit fr\u00fchester Kindheit.<\/p>\n[\/vc_column_text][vc_btn title=&#8220;Gehe in den E-Shop&#8220; style=&#8220;btn-outline-primary&#8220; shape=&#8220;square&#8220; align=&#8220;center&#8220; link=&#8220;url:https%3A%2F%2Fwww.artisticostores.com%2Fde%2Fprodukt-kategorie%2Fvladimir-domnicev-de%2F|title:Vladimir%20Domni%C4%8Dev%20Artistico||&#8220;][\/vc_column][\/vc_row][vc_row][vc_column width=&#8220;2\/3&#8243;][vc_column_text]\n<p style=\"text-align: justify;\">Seine ersten k\u00fcnstlerischen Erfahrungen sammelte er in Ivanov beim Maler Fedorov. W\u00e4hrend seines Studiums wurde sein k\u00fcnstlerisches Denken von Moskauer Avantgarde-K\u00fcnstlern beeinflusst, mit denen er in direktem kreativen Kontakt stand. An der Wende des zweiten und dritten Jahrtausends verlie\u00df er Russland und lie\u00df sich in Prag nieder, was ihn verzauberte und von dem er auch heute noch Inspiration und Ideen sch\u00f6pft. Dem Autor wurde die tschechische Staatsb\u00fcrgerschaft verliehen und tschechische und ausl\u00e4ndische Kunstsammler begannen sich f\u00fcr seine Werke zu interessieren. Er pr\u00e4sentierte seine Bilder auf mehreren Ausstellungen in verschiedenen St\u00e4dten und die Nachfrage nach seiner au\u00dfergew\u00f6hnlichen Arbeit w\u00e4chst st\u00e4ndig.<\/p>\n<p style=\"text-align: justify;\">Die Wurzeln der k\u00fcnstlerischen Inspiration des Autoren reichen tief, wir k\u00f6nnen sie sogar in den Werken der Autoren der europ\u00e4ischen modernen Kunst verfolgen. Zu seinen Lieblingsautoren z\u00e4hlen Pierre Auguste Renoir, aber auch Jakson Pollock. Sein k\u00fcnstlerischer Ausdruck ist sehr suggestiv, vom Impressionismus bis zur expressiven malerischen Geste. Das k\u00fcnstlerische Zeugnis spiegelt die inneren Zust\u00e4nde des Menschen wider, deren Sinne und Gef\u00fchle von der Au\u00dfenwelt beeinflusst werden. Vladimir Domni\u010dev verwendet seine eigene Technik der Arbeit\u00a0 mit einem Spatel. Die Farbe wird damit wird nicht nur aufgetragen und beschichtet, sondern auch abgewischt und abgekratzt. Es ist diese einzigartige kreative Technik und ihr unverwechselbarer Stil, die einen hohen und bereits nachgewiesenen k\u00fcnstlerischen Wert darstellen.<\/p>\n[\/vc_column_text][\/vc_column][vc_column width=&#8220;1\/3&#8243;][vc_single_image image=&#8220;2565&#8243; img_size=&#8220;full&#8220;][\/vc_column][vc_column][vc_row_inner][vc_column_inner width=&#8220;1\/3&#8243;][vc_single_image image=&#8220;2559&#8243; img_size=&#8220;full&#8220;][\/vc_column_inner][vc_column_inner width=&#8220;1\/3&#8243;][vc_single_image image=&#8220;2562&#8243; img_size=&#8220;full&#8220;][\/vc_column_inner][vc_column_inner width=&#8220;1\/3&#8243;][vc_column_text]\n<h3 style=\"text-align: center;\">Ausstellung<\/h3>\n[\/vc_column_text][vc_column_text]\n<ul>\n<li>2012 Galerie ARTisti&amp;Co Bratislava, Slovakia<\/li>\n<li>2013 Galerie Harfa, Prague, Czech Reublic<\/li>\n<li>2014 Slovak technical museum, Kos\u030cice, Slovakia<\/li>\n<li>2015 SCS &#8211; Vienna, Austria<\/li>\n<li>2016 Slovak National Theatre \u2013 SND, Bratislava, Slovakia<\/li>\n<li>2017 Alicante, Spain<\/li>\n<li>2018 Orchard Gallery Ostrava<\/li>\n<li>2018 Manes Gallery, Prague<\/li>\n<\/ul>\n[\/vc_column_text][\/vc_column_inner][\/vc_row_inner][\/vc_column][\/vc_row]\n<\/section>","protected":false},"excerpt":{"rendered":"<p>[vc_row curly_padding=&#8220;content-padding&#8220; css=&#8220;.vc_custom_1504195713546{padding-bottom: 0px !important;}&#8220;][vc_column][vc_column_text] RUSK\u00dd V\u00ddTVARN\u00cdK Vladimir Domni\u010dev [\/vc_column_text][vc_empty_space height=&#8220;&#8220; el_class=&#8220;xtd-spacer&#8220;][\/vc_column][vc_column width=&#8220;1\/3&#8243;][vc_single_image image=&#8220;626&#8243; img_size=&#8220;full&#8220; style=&#8220;xtd-shadow&#8211;normal-light&#8220; el_class=&#8220;xtd-offset-frame&#8220;][\/vc_column][vc_column width=&#8220;2\/3&#8243; offset=&#8220;vc_col-lg-offset-1 vc_col-lg-7&#8243;][vc_empty_space height=&#8220;50px&#8220;][vc_column_text] Der russische K\u00fcnstler Vladimir Domni\u010dev ist in Ivanov bei Moskau geboren. Er absolvierte die Ingenieur- und Technische Akademie in Moskau, wo er den Titel Ingenieur und sp\u00e4ter auch Kandidat der Wissenschaften (CSc) erhielt. Er interessierte sich jedoch viel mehr [&hellip;]<\/p>\n","protected":false},"author":1,"featured_media":0,"parent":668,"menu_order":0,"comment_status":"closed","ping_status":"closed","template":"","meta":{"footnotes":""},"yoast_head":"<!-- This site is optimized with the Yoast SEO plugin v22.7 - https:\/\/yoast.com\/wordpress\/plugins\/seo\/ -->\n<title>Vladimir Domni\u010dev -<\/title>\n<meta name=\"robots\" content=\"index, follow, max-snippet:-1, max-image-preview:large, max-video-preview:-1\" \/>\n<link rel=\"canonical\" href=\"https:\/\/orchard-gallery.com\/de\/artists\/vladimir-domnicev\/\" \/>\n<meta property=\"og:locale\" content=\"de_DE\" \/>\n<meta property=\"og:type\" content=\"article\" \/>\n<meta property=\"og:title\" content=\"Vladimir Domni\u010dev -\" \/>\n<meta property=\"og:description\" content=\"[vc_row curly_padding=&#8220;content-padding&#8220; css=&#8220;.vc_custom_1504195713546{padding-bottom: 0px !important;}&#8220;][vc_column][vc_column_text] RUSK\u00dd V\u00ddTVARN\u00cdK Vladimir Domni\u010dev [\/vc_column_text][vc_empty_space height=&#8220;&#8220; el_class=&#8220;xtd-spacer&#8220;][\/vc_column][vc_column width=&#8220;1\/3&#8243;][vc_single_image image=&#8220;626&#8243; img_size=&#8220;full&#8220; style=&#8220;xtd-shadow&#8211;normal-light&#8220; el_class=&#8220;xtd-offset-frame&#8220;][\/vc_column][vc_column width=&#8220;2\/3&#8243; offset=&#8220;vc_col-lg-offset-1 vc_col-lg-7&#8243;][vc_empty_space height=&#8220;50px&#8220;][vc_column_text] Der russische K\u00fcnstler Vladimir Domni\u010dev ist in Ivanov bei Moskau geboren. Er absolvierte die Ingenieur- und Technische Akademie in Moskau, wo er den Titel Ingenieur und sp\u00e4ter auch Kandidat der Wissenschaften (CSc) erhielt. Er interessierte sich jedoch viel mehr [&hellip;]\" \/>\n<meta property=\"og:url\" content=\"https:\/\/orchard-gallery.com\/artists\/vladimir-domnicev\/\" \/>\n<meta property=\"article:publisher\" content=\"https:\/\/www.facebook.com\/galleryorchard\/\" \/>\n<meta property=\"article:modified_time\" content=\"2020-11-30T17:47:40+00:00\" \/>\n<meta name=\"twitter:card\" content=\"summary_large_image\" \/>\n<meta name=\"twitter:label1\" content=\"Gesch\u00e4tzte Lesezeit\" \/>\n\t<meta name=\"twitter:data1\" content=\"3\u00a0Minuten\" \/>\n<script type=\"application\/ld+json\" class=\"yoast-schema-graph\">{\"@context\":\"https:\/\/schema.org\",\"@graph\":[{\"@type\":\"WebPage\",\"@id\":\"https:\/\/orchard-gallery.com\/artists\/vladimir-domnicev\/\",\"url\":\"https:\/\/orchard-gallery.com\/artists\/vladimir-domnicev\/\",\"name\":\"Vladimir Domni\u010dev -\",\"isPartOf\":{\"@id\":\"https:\/\/orchard-gallery.com\/#website\"},\"datePublished\":\"2017-09-05T14:27:00+00:00\",\"dateModified\":\"2020-11-30T17:47:40+00:00\",\"breadcrumb\":{\"@id\":\"https:\/\/orchard-gallery.com\/artists\/vladimir-domnicev\/#breadcrumb\"},\"inLanguage\":\"de\",\"potentialAction\":[{\"@type\":\"ReadAction\",\"target\":[\"https:\/\/orchard-gallery.com\/artists\/vladimir-domnicev\/\"]}]},{\"@type\":\"BreadcrumbList\",\"@id\":\"https:\/\/orchard-gallery.com\/artists\/vladimir-domnicev\/#breadcrumb\",\"itemListElement\":[{\"@type\":\"ListItem\",\"position\":1,\"name\":\"Dom\u016f\",\"item\":\"https:\/\/orchard-gallery.com\/home\/\"},{\"@type\":\"ListItem\",\"position\":2,\"name\":\"K\u00fcnstler\",\"item\":\"https:\/\/orchard-gallery.com\/de\/artists\/\"},{\"@type\":\"ListItem\",\"position\":3,\"name\":\"Vladimir Domni\u010dev\"}]},{\"@type\":\"WebSite\",\"@id\":\"https:\/\/orchard-gallery.com\/#website\",\"url\":\"https:\/\/orchard-gallery.com\/\",\"name\":\"Orchard Gallery\",\"description\":\"\",\"publisher\":{\"@id\":\"https:\/\/orchard-gallery.com\/#organization\"},\"potentialAction\":[{\"@type\":\"SearchAction\",\"target\":{\"@type\":\"EntryPoint\",\"urlTemplate\":\"https:\/\/orchard-gallery.com\/?s={search_term_string}\"},\"query-input\":\"required name=search_term_string\"}],\"inLanguage\":\"de\"},{\"@type\":\"Organization\",\"@id\":\"https:\/\/orchard-gallery.com\/#organization\",\"name\":\"OrchardGallery\",\"url\":\"https:\/\/orchard-gallery.com\/\",\"logo\":{\"@type\":\"ImageObject\",\"inLanguage\":\"de\",\"@id\":\"https:\/\/orchard-gallery.com\/#\/schema\/logo\/image\/\",\"url\":\"https:\/\/www.orchard-gallery.com\/wp-content\/uploads\/2020\/05\/orchard_retina-.png\",\"contentUrl\":\"https:\/\/www.orchard-gallery.com\/wp-content\/uploads\/2020\/05\/orchard_retina-.png\",\"width\":400,\"height\":38,\"caption\":\"OrchardGallery\"},\"image\":{\"@id\":\"https:\/\/orchard-gallery.com\/#\/schema\/logo\/image\/\"},\"sameAs\":[\"https:\/\/www.facebook.com\/galleryorchard\/\",\"https:\/\/www.instagram.com\/artisticostores\/\",\"https:\/\/www.youtube.com\/channel\/UC6fZFM4tjduboVY2BzlFjzA\"]}]}<\/script>\n<!-- \/ Yoast SEO plugin. -->","yoast_head_json":{"title":"Vladimir Domni\u010dev -","robots":{"index":"index","follow":"follow","max-snippet":"max-snippet:-1","max-image-preview":"max-image-preview:large","max-video-preview":"max-video-preview:-1"},"canonical":"https:\/\/orchard-gallery.com\/de\/artists\/vladimir-domnicev\/","og_locale":"de_DE","og_type":"article","og_title":"Vladimir Domni\u010dev -","og_description":"[vc_row curly_padding=&#8220;content-padding&#8220; css=&#8220;.vc_custom_1504195713546{padding-bottom: 0px !important;}&#8220;][vc_column][vc_column_text] RUSK\u00dd V\u00ddTVARN\u00cdK Vladimir Domni\u010dev [\/vc_column_text][vc_empty_space height=&#8220;&#8220; el_class=&#8220;xtd-spacer&#8220;][\/vc_column][vc_column width=&#8220;1\/3&#8243;][vc_single_image image=&#8220;626&#8243; img_size=&#8220;full&#8220; style=&#8220;xtd-shadow&#8211;normal-light&#8220; el_class=&#8220;xtd-offset-frame&#8220;][\/vc_column][vc_column width=&#8220;2\/3&#8243; offset=&#8220;vc_col-lg-offset-1 vc_col-lg-7&#8243;][vc_empty_space height=&#8220;50px&#8220;][vc_column_text] Der russische K\u00fcnstler Vladimir Domni\u010dev ist in Ivanov bei Moskau geboren. Er absolvierte die Ingenieur- und Technische Akademie in Moskau, wo er den Titel Ingenieur und sp\u00e4ter auch Kandidat der Wissenschaften (CSc) erhielt. Er interessierte sich jedoch viel mehr [&hellip;]","og_url":"https:\/\/orchard-gallery.com\/artists\/vladimir-domnicev\/","article_publisher":"https:\/\/www.facebook.com\/galleryorchard\/","article_modified_time":"2020-11-30T17:47:40+00:00","twitter_card":"summary_large_image","twitter_misc":{"Gesch\u00e4tzte Lesezeit":"3\u00a0Minuten"},"schema":{"@context":"https:\/\/schema.org","@graph":[{"@type":"WebPage","@id":"https:\/\/orchard-gallery.com\/artists\/vladimir-domnicev\/","url":"https:\/\/orchard-gallery.com\/artists\/vladimir-domnicev\/","name":"Vladimir Domni\u010dev -","isPartOf":{"@id":"https:\/\/orchard-gallery.com\/#website"},"datePublished":"2017-09-05T14:27:00+00:00","dateModified":"2020-11-30T17:47:40+00:00","breadcrumb":{"@id":"https:\/\/orchard-gallery.com\/artists\/vladimir-domnicev\/#breadcrumb"},"inLanguage":"de","potentialAction":[{"@type":"ReadAction","target":["https:\/\/orchard-gallery.com\/artists\/vladimir-domnicev\/"]}]},{"@type":"BreadcrumbList","@id":"https:\/\/orchard-gallery.com\/artists\/vladimir-domnicev\/#breadcrumb","itemListElement":[{"@type":"ListItem","position":1,"name":"Dom\u016f","item":"https:\/\/orchard-gallery.com\/home\/"},{"@type":"ListItem","position":2,"name":"K\u00fcnstler","item":"https:\/\/orchard-gallery.com\/de\/artists\/"},{"@type":"ListItem","position":3,"name":"Vladimir Domni\u010dev"}]},{"@type":"WebSite","@id":"https:\/\/orchard-gallery.com\/#website","url":"https:\/\/orchard-gallery.com\/","name":"Orchard Gallery","description":"","publisher":{"@id":"https:\/\/orchard-gallery.com\/#organization"},"potentialAction":[{"@type":"SearchAction","target":{"@type":"EntryPoint","urlTemplate":"https:\/\/orchard-gallery.com\/?s={search_term_string}"},"query-input":"required name=search_term_string"}],"inLanguage":"de"},{"@type":"Organization","@id":"https:\/\/orchard-gallery.com\/#organization","name":"OrchardGallery","url":"https:\/\/orchard-gallery.com\/","logo":{"@type":"ImageObject","inLanguage":"de","@id":"https:\/\/orchard-gallery.com\/#\/schema\/logo\/image\/","url":"https:\/\/www.orchard-gallery.com\/wp-content\/uploads\/2020\/05\/orchard_retina-.png","contentUrl":"https:\/\/www.orchard-gallery.com\/wp-content\/uploads\/2020\/05\/orchard_retina-.png","width":400,"height":38,"caption":"OrchardGallery"},"image":{"@id":"https:\/\/orchard-gallery.com\/#\/schema\/logo\/image\/"},"sameAs":["https:\/\/www.facebook.com\/galleryorchard\/","https:\/\/www.instagram.com\/artisticostores\/","https:\/\/www.youtube.com\/channel\/UC6fZFM4tjduboVY2BzlFjzA"]}]}},"_links":{"self":[{"href":"https:\/\/orchard-gallery.com\/de\/wp-json\/wp\/v2\/pages\/625"}],"collection":[{"href":"https:\/\/orchard-gallery.com\/de\/wp-json\/wp\/v2\/pages"}],"about":[{"href":"https:\/\/orchard-gallery.com\/de\/wp-json\/wp\/v2\/types\/page"}],"author":[{"embeddable":true,"href":"https:\/\/orchard-gallery.com\/de\/wp-json\/wp\/v2\/users\/1"}],"replies":[{"embeddable":true,"href":"https:\/\/orchard-gallery.com\/de\/wp-json\/wp\/v2\/comments?post=625"}],"version-history":[{"count":6,"href":"https:\/\/orchard-gallery.com\/de\/wp-json\/wp\/v2\/pages\/625\/revisions"}],"predecessor-version":[{"id":4901,"href":"https:\/\/orchard-gallery.com\/de\/wp-json\/wp\/v2\/pages\/625\/revisions\/4901"}],"up":[{"embeddable":true,"href":"https:\/\/orchard-gallery.com\/de\/wp-json\/wp\/v2\/pages\/668"}],"wp:attachment":[{"href":"https:\/\/orchard-gallery.com\/de\/wp-json\/wp\/v2\/media?parent=625"}],"curies":[{"name":"wp","href":"https:\/\/api.w.org\/{rel}","templated":true}]}}