{"id":3418,"date":"2020-06-19T12:44:53","date_gmt":"2020-06-19T11:44:53","guid":{"rendered":"https:\/\/www.orchard-gallery.com\/artists\/peter-klonowski\/"},"modified":"2020-11-30T18:31:53","modified_gmt":"2020-11-30T17:31:53","slug":"peter-klonowski","status":"publish","type":"page","link":"https:\/\/orchard-gallery.com\/de\/artists\/peter-klonowski\/","title":{"rendered":"Peter Klonowski"},"content":{"rendered":"<section class=\"wpb-content-wrapper\">[vc_row curly_padding=&#8220;content-padding&#8220; css=&#8220;.vc_custom_1504195713546{padding-bottom: 0px !important;}&#8220;][vc_column][vc_column_text]\n<h1 class=\"display-2 special-title\" style=\"text-align: center;\"><small>DEUTSCHER K\u00dcNSTLER<\/small>Peter Klonowski<small><\/small><small><\/small><small><\/small><\/h1>\n[\/vc_column_text][\/vc_column][vc_column width=&#8220;1\/3&#8243;][vc_empty_space][vc_single_image image=&#8220;3402&#8243; img_size=&#8220;full&#8220; alignment=&#8220;center&#8220; style=&#8220;xtd-shadow&#8211;normal-light&#8220; el_class=&#8220;xtd-offset-frame&#8220;][vc_btn title=&#8220;Gehe in den e-shop&#8220; style=&#8220;btn-outline-primary&#8220; shape=&#8220;square&#8220; align=&#8220;center&#8220; link=&#8220;url:https%3A%2F%2Fwww.artisticostores.com%2Fde%2Fprodukt-kategorie%2Fpeter-klonowski-de%2F|title:Peter%20Klonowski%20Artistico||&#8220;][\/vc_column][vc_column width=&#8220;2\/3&#8243; offset=&#8220;vc_col-lg-offset-1 vc_col-lg-7&#8243;][vc_column_text]\n<p style=\"text-align: justify;\"><strong>Peter Klonowski<\/strong>\u00a0wurde 1960 in Traunstein in Oberbayern geboren. W\u00e4hrend seines Studiums am Gymnasium lernte er erstmals seine kreativen Neigungen kennen. Er erzielte hervorragende Ergebnisse nur bei k\u00fcnstlerischen Unterrichtsf\u00e4chern. Nach erfolgreichem Abschluss seines Studiums begann er sich der Kunst zu widmen, die allm\u00e4hlich zu seinem Hauptberuf wurde. Die erste Ausstellung, die im Jahre 1981 stattfand, bewies, dass er die richtige Wahl getroffen hatte. Seine ersten Werke wurden verkauft.<\/p>\n<p style=\"text-align: justify;\">Derzeit befinden sich Peter Klonowskis Kunstwerke in vielen Privatsammlungen nicht nur in seiner Heimatregion Ostbayerns und Ober\u00f6sterreichs, sondern auch in Berlin, M\u00fcnchen, K\u00f6ln und Leipzig. Einige Werke haben ihren Weg in die internationalen Kunstsammlungen in Spanien, Italien, Marokko, den USA und Schottland gefunden.<\/p>\n<p style=\"text-align: justify;\">Peter Klonowski sch\u00f6pft in seiner Arbeit haupts\u00e4chlich aus seiner reichen Fantasie und seiner perfekten Vorstellungskraft. Er malt auf gro\u00dfen Leinw\u00e4nden, verwendet aber auch Holzbretter. Er schafft gro\u00dfformatige Wandbilder, die nicht nur f\u00fcr private Sammler, sondern auch f\u00fcr die W\u00e4nde von Hotels, Banken, staatlichen und privaten Institutionen bestimmt sind. Der Autor sieht die Tatsache, dass die Stadt an seiner Arbeit interessiert ist, als Ausdruck der Wertsch\u00e4tzung.<\/p>\n[\/vc_column_text][\/vc_column][\/vc_row][vc_row curly_padding=&#8220;content-padding&#8220; css=&#8220;.vc_custom_1587296404408{margin-top: -50px !important;padding-bottom: 0px !important;}&#8220;][vc_column][vc_column_text]\n<div class=\"vc_row wpb_row vc_inner vc_row-fluid\">\n<div class=\"wpb_column vc_column_container vc_col-sm-12\">\n<div class=\"vc_column-inner\">\n<div class=\"wpb_wrapper\">\n<div class=\"wpb_text_column wpb_content_element \">\n<div class=\"wpb_wrapper\">\n<p style=\"text-align: justify;\">Peter Klonowski nahm im Jahre 2014 an der gr\u00f6\u00dften Einzelausstellung anl\u00e4sslich der \u201eEurop\u00e4ischen Wochen\u201c teil. In Zusammenarbeit mit der Kulturabteilung der Gemeinde Passau pr\u00e4sentierte er im Kloster Asbach Museum mehr als 70 Werke mit dem Titel \u201eArs Poetica\u201c.<\/p>\n<p style=\"text-align: justify;\">Peter Klonowski lebt und arbeitet derzeit in Oberkappel, \u00d6sterreich. Er stellt seine Kunstwerke regelm\u00e4\u00dfig in Autoren- und Gemeinschaftsausstellungen aus, betreibt seine private Malschule und beteiligt sich an vielen kreativen Projekten f\u00fcr Kinder und Jugendliche.<\/p>\n<p style=\"text-align: justify;\">Der Autor sieht die Realisierung von Panorama-Wandgem\u00e4lden und Illusionsbildern immer noch als neue, aufregende Herausforderung an. Mit jedem neuen Tag \u00f6ffnet sich eine ganz neue Welt\u2026<\/p>\n<\/div>\n<\/div>\n<\/div>\n<\/div>\n<\/div>\n<\/div>\n[\/vc_column_text][vc_row_inner][vc_column_inner width=&#8220;1\/3&#8243;][vc_single_image image=&#8220;3413&#8243; img_size=&#8220;full&#8220; alignment=&#8220;center&#8220;][\/vc_column_inner][vc_column_inner width=&#8220;1\/3&#8243;][\/vc_column_inner][vc_column_inner width=&#8220;1\/3&#8243;][vc_single_image image=&#8220;3407&#8243; img_size=&#8220;full&#8220; alignment=&#8220;center&#8220;][\/vc_column_inner][\/vc_row_inner][\/vc_column][\/vc_row]\n<\/section>","protected":false},"excerpt":{"rendered":"<p>[vc_row curly_padding=&#8220;content-padding&#8220; css=&#8220;.vc_custom_1504195713546{padding-bottom: 0px !important;}&#8220;][vc_column][vc_column_text] DEUTSCHER K\u00dcNSTLERPeter Klonowski [\/vc_column_text][\/vc_column][vc_column width=&#8220;1\/3&#8243;][vc_empty_space][vc_single_image image=&#8220;3402&#8243; img_size=&#8220;full&#8220; alignment=&#8220;center&#8220; style=&#8220;xtd-shadow&#8211;normal-light&#8220; el_class=&#8220;xtd-offset-frame&#8220;][vc_btn title=&#8220;Gehe in den e-shop&#8220; style=&#8220;btn-outline-primary&#8220; shape=&#8220;square&#8220; align=&#8220;center&#8220; link=&#8220;url:https%3A%2F%2Fwww.artisticostores.com%2Fde%2Fprodukt-kategorie%2Fpeter-klonowski-de%2F|title:Peter%20Klonowski%20Artistico||&#8220;][\/vc_column][vc_column width=&#8220;2\/3&#8243; offset=&#8220;vc_col-lg-offset-1 vc_col-lg-7&#8243;][vc_column_text] Peter Klonowski\u00a0wurde 1960 in Traunstein in Oberbayern geboren. W\u00e4hrend seines Studiums am Gymnasium lernte er erstmals seine kreativen Neigungen kennen. Er erzielte hervorragende Ergebnisse nur bei k\u00fcnstlerischen Unterrichtsf\u00e4chern. Nach erfolgreichem Abschluss seines Studiums begann [&hellip;]<\/p>\n","protected":false},"author":1,"featured_media":0,"parent":668,"menu_order":0,"comment_status":"closed","ping_status":"closed","template":"","meta":{"footnotes":""},"yoast_head":"<!-- This site is optimized with the Yoast SEO plugin v22.7 - https:\/\/yoast.com\/wordpress\/plugins\/seo\/ -->\n<title>Peter Klonowski -<\/title>\n<meta name=\"robots\" content=\"index, follow, max-snippet:-1, max-image-preview:large, max-video-preview:-1\" \/>\n<link rel=\"canonical\" href=\"https:\/\/orchard-gallery.com\/de\/artists\/peter-klonowski\/\" \/>\n<meta property=\"og:locale\" content=\"de_DE\" \/>\n<meta property=\"og:type\" content=\"article\" \/>\n<meta property=\"og:title\" content=\"Peter Klonowski -\" \/>\n<meta property=\"og:description\" content=\"[vc_row curly_padding=&#8220;content-padding&#8220; css=&#8220;.vc_custom_1504195713546{padding-bottom: 0px !important;}&#8220;][vc_column][vc_column_text] DEUTSCHER K\u00dcNSTLERPeter Klonowski [\/vc_column_text][\/vc_column][vc_column width=&#8220;1\/3&#8243;][vc_empty_space][vc_single_image image=&#8220;3402&#8243; img_size=&#8220;full&#8220; alignment=&#8220;center&#8220; style=&#8220;xtd-shadow&#8211;normal-light&#8220; el_class=&#8220;xtd-offset-frame&#8220;][vc_btn title=&#8220;Gehe in den e-shop&#8220; style=&#8220;btn-outline-primary&#8220; shape=&#8220;square&#8220; align=&#8220;center&#8220; link=&#8220;url:https%3A%2F%2Fwww.artisticostores.com%2Fde%2Fprodukt-kategorie%2Fpeter-klonowski-de%2F|title:Peter%20Klonowski%20Artistico||&#8220;][\/vc_column][vc_column width=&#8220;2\/3&#8243; offset=&#8220;vc_col-lg-offset-1 vc_col-lg-7&#8243;][vc_column_text] Peter Klonowski\u00a0wurde 1960 in Traunstein in Oberbayern geboren. W\u00e4hrend seines Studiums am Gymnasium lernte er erstmals seine kreativen Neigungen kennen. Er erzielte hervorragende Ergebnisse nur bei k\u00fcnstlerischen Unterrichtsf\u00e4chern. Nach erfolgreichem Abschluss seines Studiums begann [&hellip;]\" \/>\n<meta property=\"og:url\" content=\"https:\/\/orchard-gallery.com\/artists\/peter-klonowski\/\" \/>\n<meta property=\"article:publisher\" content=\"https:\/\/www.facebook.com\/galleryorchard\/\" \/>\n<meta property=\"article:modified_time\" content=\"2020-11-30T17:31:53+00:00\" \/>\n<meta name=\"twitter:card\" content=\"summary_large_image\" \/>\n<meta name=\"twitter:label1\" content=\"Gesch\u00e4tzte Lesezeit\" \/>\n\t<meta name=\"twitter:data1\" content=\"2\u00a0Minuten\" \/>\n<script type=\"application\/ld+json\" class=\"yoast-schema-graph\">{\"@context\":\"https:\/\/schema.org\",\"@graph\":[{\"@type\":\"WebPage\",\"@id\":\"https:\/\/orchard-gallery.com\/artists\/peter-klonowski\/\",\"url\":\"https:\/\/orchard-gallery.com\/artists\/peter-klonowski\/\",\"name\":\"Peter Klonowski -\",\"isPartOf\":{\"@id\":\"https:\/\/orchard-gallery.com\/#website\"},\"datePublished\":\"2020-06-19T11:44:53+00:00\",\"dateModified\":\"2020-11-30T17:31:53+00:00\",\"breadcrumb\":{\"@id\":\"https:\/\/orchard-gallery.com\/artists\/peter-klonowski\/#breadcrumb\"},\"inLanguage\":\"de\",\"potentialAction\":[{\"@type\":\"ReadAction\",\"target\":[\"https:\/\/orchard-gallery.com\/artists\/peter-klonowski\/\"]}]},{\"@type\":\"BreadcrumbList\",\"@id\":\"https:\/\/orchard-gallery.com\/artists\/peter-klonowski\/#breadcrumb\",\"itemListElement\":[{\"@type\":\"ListItem\",\"position\":1,\"name\":\"Dom\u016f\",\"item\":\"https:\/\/orchard-gallery.com\/home\/\"},{\"@type\":\"ListItem\",\"position\":2,\"name\":\"K\u00fcnstler\",\"item\":\"https:\/\/orchard-gallery.com\/de\/artists\/\"},{\"@type\":\"ListItem\",\"position\":3,\"name\":\"Peter Klonowski\"}]},{\"@type\":\"WebSite\",\"@id\":\"https:\/\/orchard-gallery.com\/#website\",\"url\":\"https:\/\/orchard-gallery.com\/\",\"name\":\"Orchard Gallery\",\"description\":\"\",\"publisher\":{\"@id\":\"https:\/\/orchard-gallery.com\/#organization\"},\"potentialAction\":[{\"@type\":\"SearchAction\",\"target\":{\"@type\":\"EntryPoint\",\"urlTemplate\":\"https:\/\/orchard-gallery.com\/?s={search_term_string}\"},\"query-input\":\"required name=search_term_string\"}],\"inLanguage\":\"de\"},{\"@type\":\"Organization\",\"@id\":\"https:\/\/orchard-gallery.com\/#organization\",\"name\":\"OrchardGallery\",\"url\":\"https:\/\/orchard-gallery.com\/\",\"logo\":{\"@type\":\"ImageObject\",\"inLanguage\":\"de\",\"@id\":\"https:\/\/orchard-gallery.com\/#\/schema\/logo\/image\/\",\"url\":\"https:\/\/www.orchard-gallery.com\/wp-content\/uploads\/2020\/05\/orchard_retina-.png\",\"contentUrl\":\"https:\/\/www.orchard-gallery.com\/wp-content\/uploads\/2020\/05\/orchard_retina-.png\",\"width\":400,\"height\":38,\"caption\":\"OrchardGallery\"},\"image\":{\"@id\":\"https:\/\/orchard-gallery.com\/#\/schema\/logo\/image\/\"},\"sameAs\":[\"https:\/\/www.facebook.com\/galleryorchard\/\",\"https:\/\/www.instagram.com\/artisticostores\/\",\"https:\/\/www.youtube.com\/channel\/UC6fZFM4tjduboVY2BzlFjzA\"]}]}<\/script>\n<!-- \/ Yoast SEO plugin. -->","yoast_head_json":{"title":"Peter Klonowski -","robots":{"index":"index","follow":"follow","max-snippet":"max-snippet:-1","max-image-preview":"max-image-preview:large","max-video-preview":"max-video-preview:-1"},"canonical":"https:\/\/orchard-gallery.com\/de\/artists\/peter-klonowski\/","og_locale":"de_DE","og_type":"article","og_title":"Peter Klonowski -","og_description":"[vc_row curly_padding=&#8220;content-padding&#8220; css=&#8220;.vc_custom_1504195713546{padding-bottom: 0px !important;}&#8220;][vc_column][vc_column_text] DEUTSCHER K\u00dcNSTLERPeter Klonowski [\/vc_column_text][\/vc_column][vc_column width=&#8220;1\/3&#8243;][vc_empty_space][vc_single_image image=&#8220;3402&#8243; img_size=&#8220;full&#8220; alignment=&#8220;center&#8220; style=&#8220;xtd-shadow&#8211;normal-light&#8220; el_class=&#8220;xtd-offset-frame&#8220;][vc_btn title=&#8220;Gehe in den e-shop&#8220; style=&#8220;btn-outline-primary&#8220; shape=&#8220;square&#8220; align=&#8220;center&#8220; link=&#8220;url:https%3A%2F%2Fwww.artisticostores.com%2Fde%2Fprodukt-kategorie%2Fpeter-klonowski-de%2F|title:Peter%20Klonowski%20Artistico||&#8220;][\/vc_column][vc_column width=&#8220;2\/3&#8243; offset=&#8220;vc_col-lg-offset-1 vc_col-lg-7&#8243;][vc_column_text] Peter Klonowski\u00a0wurde 1960 in Traunstein in Oberbayern geboren. W\u00e4hrend seines Studiums am Gymnasium lernte er erstmals seine kreativen Neigungen kennen. Er erzielte hervorragende Ergebnisse nur bei k\u00fcnstlerischen Unterrichtsf\u00e4chern. Nach erfolgreichem Abschluss seines Studiums begann [&hellip;]","og_url":"https:\/\/orchard-gallery.com\/artists\/peter-klonowski\/","article_publisher":"https:\/\/www.facebook.com\/galleryorchard\/","article_modified_time":"2020-11-30T17:31:53+00:00","twitter_card":"summary_large_image","twitter_misc":{"Gesch\u00e4tzte Lesezeit":"2\u00a0Minuten"},"schema":{"@context":"https:\/\/schema.org","@graph":[{"@type":"WebPage","@id":"https:\/\/orchard-gallery.com\/artists\/peter-klonowski\/","url":"https:\/\/orchard-gallery.com\/artists\/peter-klonowski\/","name":"Peter Klonowski -","isPartOf":{"@id":"https:\/\/orchard-gallery.com\/#website"},"datePublished":"2020-06-19T11:44:53+00:00","dateModified":"2020-11-30T17:31:53+00:00","breadcrumb":{"@id":"https:\/\/orchard-gallery.com\/artists\/peter-klonowski\/#breadcrumb"},"inLanguage":"de","potentialAction":[{"@type":"ReadAction","target":["https:\/\/orchard-gallery.com\/artists\/peter-klonowski\/"]}]},{"@type":"BreadcrumbList","@id":"https:\/\/orchard-gallery.com\/artists\/peter-klonowski\/#breadcrumb","itemListElement":[{"@type":"ListItem","position":1,"name":"Dom\u016f","item":"https:\/\/orchard-gallery.com\/home\/"},{"@type":"ListItem","position":2,"name":"K\u00fcnstler","item":"https:\/\/orchard-gallery.com\/de\/artists\/"},{"@type":"ListItem","position":3,"name":"Peter Klonowski"}]},{"@type":"WebSite","@id":"https:\/\/orchard-gallery.com\/#website","url":"https:\/\/orchard-gallery.com\/","name":"Orchard Gallery","description":"","publisher":{"@id":"https:\/\/orchard-gallery.com\/#organization"},"potentialAction":[{"@type":"SearchAction","target":{"@type":"EntryPoint","urlTemplate":"https:\/\/orchard-gallery.com\/?s={search_term_string}"},"query-input":"required name=search_term_string"}],"inLanguage":"de"},{"@type":"Organization","@id":"https:\/\/orchard-gallery.com\/#organization","name":"OrchardGallery","url":"https:\/\/orchard-gallery.com\/","logo":{"@type":"ImageObject","inLanguage":"de","@id":"https:\/\/orchard-gallery.com\/#\/schema\/logo\/image\/","url":"https:\/\/www.orchard-gallery.com\/wp-content\/uploads\/2020\/05\/orchard_retina-.png","contentUrl":"https:\/\/www.orchard-gallery.com\/wp-content\/uploads\/2020\/05\/orchard_retina-.png","width":400,"height":38,"caption":"OrchardGallery"},"image":{"@id":"https:\/\/orchard-gallery.com\/#\/schema\/logo\/image\/"},"sameAs":["https:\/\/www.facebook.com\/galleryorchard\/","https:\/\/www.instagram.com\/artisticostores\/","https:\/\/www.youtube.com\/channel\/UC6fZFM4tjduboVY2BzlFjzA"]}]}},"_links":{"self":[{"href":"https:\/\/orchard-gallery.com\/de\/wp-json\/wp\/v2\/pages\/3418"}],"collection":[{"href":"https:\/\/orchard-gallery.com\/de\/wp-json\/wp\/v2\/pages"}],"about":[{"href":"https:\/\/orchard-gallery.com\/de\/wp-json\/wp\/v2\/types\/page"}],"author":[{"embeddable":true,"href":"https:\/\/orchard-gallery.com\/de\/wp-json\/wp\/v2\/users\/1"}],"replies":[{"embeddable":true,"href":"https:\/\/orchard-gallery.com\/de\/wp-json\/wp\/v2\/comments?post=3418"}],"version-history":[{"count":5,"href":"https:\/\/orchard-gallery.com\/de\/wp-json\/wp\/v2\/pages\/3418\/revisions"}],"predecessor-version":[{"id":4886,"href":"https:\/\/orchard-gallery.com\/de\/wp-json\/wp\/v2\/pages\/3418\/revisions\/4886"}],"up":[{"embeddable":true,"href":"https:\/\/orchard-gallery.com\/de\/wp-json\/wp\/v2\/pages\/668"}],"wp:attachment":[{"href":"https:\/\/orchard-gallery.com\/de\/wp-json\/wp\/v2\/media?parent=3418"}],"curies":[{"name":"wp","href":"https:\/\/api.w.org\/{rel}","templated":true}]}}