{"id":3369,"date":"2020-06-19T12:15:04","date_gmt":"2020-06-19T11:15:04","guid":{"rendered":"https:\/\/www.orchard-gallery.com\/artists\/norbert-judt\/"},"modified":"2020-11-30T18:29:36","modified_gmt":"2020-11-30T17:29:36","slug":"norbert-judt","status":"publish","type":"page","link":"https:\/\/orchard-gallery.com\/de\/artists\/norbert-judt\/","title":{"rendered":"Norbert Judt"},"content":{"rendered":"<section class=\"wpb-content-wrapper\">[vc_row curly_padding=&#8220;content-padding&#8220; css=&#8220;.vc_custom_1504195713546{padding-bottom: 0px !important;}&#8220;][vc_column][vc_column_text]\n<h1 class=\"display-2 special-title\" style=\"text-align: center;\"><small>SLOWAKISCHER K\u00dcNSTLER<\/small>Norbert Judt<small><\/small><small><\/small><small><\/small><\/h1>\n[\/vc_column_text][\/vc_column][vc_column width=&#8220;1\/3&#8243;][vc_single_image image=&#8220;3357&#8243; img_size=&#8220;full&#8220; alignment=&#8220;center&#8220; style=&#8220;xtd-shadow&#8211;normal-light&#8220; el_class=&#8220;xtd-offset-frame&#8220;][vc_btn title=&#8220;Gehe in den e-shop&#8220; style=&#8220;btn-outline-primary&#8220; shape=&#8220;square&#8220; align=&#8220;center&#8220; link=&#8220;url:https%3A%2F%2Fwww.artisticostores.com%2Fde%2Fprodukt-kategorie%2Fnorbert-judt-de%2F|title:Norbert%20Judt%20Artistico||&#8220;][\/vc_column][vc_column width=&#8220;2\/3&#8243; offset=&#8220;vc_col-lg-offset-1 vc_col-lg-7&#8243;][vc_column_text]\n<p style=\"text-align: justify;\"><strong>Norbert Judt<\/strong>\u00a0wurde am 2. Februar 1966 in Bratislava geboren. Sein k\u00fcnstlerisches Talent hat sich ganz eigenst\u00e4ndig entwickelt. In den Anf\u00e4ngen wurde er ma\u00dfgeblich von Fantasy-Literatur, Surrealismus (Salvator Dali) und neuer Figuration (J\u00falius Jakoby, Milan Pa\u0161t\u00e9ka) beeinflusst. Der Fokus des Autorinteresses konzentriert sich auf der Figur, der menschlichen Pers\u00f6nlichkeit, dem Eindringen in unentdeckte Bereiche menschlicher Aktivit\u00e4t. Das Geheimnis seiner k\u00fcnstlerischen Sensibilit\u00e4t liegt irgendwo dort. Intellektuell herausfordernde Bilder, die mit der Kenntnis der existenziellen Dimensionen des Menschen verbunden werden k\u00f6nnen\u2026.<\/p>\n<p style=\"text-align: justify;\">Judts k\u00fcnstlerische Arbeit ist unabh\u00e4ngig, sie geh\u00f6rt keiner Kunstbewegung, Schule oder Gruppe an. Er konzentriert sich haupts\u00e4chlich auf Zeichnen und Malen. Bei der Arbeit benutzt er oft einen Spatel. Viele seiner Kunstwerke sind voller Kompositionen plastischer Effekte.<\/p>\n<p style=\"text-align: justify;\">Norbert Judts Kunstwerke sind in Privatsammlungen nicht nur in Europa, sondern auch in den USA, Australien und Kanada vertreten.<\/p>\n[\/vc_column_text][\/vc_column][\/vc_row][vc_row][vc_column][vc_row_inner][vc_column_inner][vc_column_text]\n<h3>EINZEL- UND GEMEINSCHAFTSAUSSTELLUNGEN<\/h3>\n[\/vc_column_text][vc_column_text]\n<ul>\n<li>2012 \u2013 ARTisti &amp; Co, Bratislava, Slowakische Republik<\/li>\n<li>2013 \u2013 ARTisti &amp; Co, Prag, Tschechische Republik<\/li>\n<li>2014 \u2013 Harfa Galerie, Prag, Tschechische Republik<\/li>\n<li>2014 \u2013 ARTisti &amp; Co, Wien, \u00d6sterreich<\/li>\n<li>2015 \u2013 ARTisti &amp; Co, Vod\u011brady, Slowakische Republik<\/li>\n<li>2017 \u2013 ARTisti &amp; Co, Liberec, Tschechische Republik<\/li>\n<li>2018 \u2013 Orchard Galerie, Ostrava, Tschechische Republik<\/li>\n<\/ul>\n[\/vc_column_text][\/vc_column_inner][\/vc_row_inner][vc_row_inner][vc_column_inner width=&#8220;1\/3&#8243;][vc_single_image image=&#8220;3366&#8243; img_size=&#8220;full&#8220; alignment=&#8220;center&#8220;][\/vc_column_inner][vc_column_inner width=&#8220;1\/3&#8243;][vc_single_image image=&#8220;3360&#8243; img_size=&#8220;full&#8220; alignment=&#8220;center&#8220;][\/vc_column_inner][vc_column_inner width=&#8220;1\/3&#8243;][vc_single_image image=&#8220;3363&#8243; img_size=&#8220;full&#8220; alignment=&#8220;center&#8220;][\/vc_column_inner][\/vc_row_inner][\/vc_column][\/vc_row]\n<\/section>","protected":false},"excerpt":{"rendered":"<p>[vc_row curly_padding=&#8220;content-padding&#8220; css=&#8220;.vc_custom_1504195713546{padding-bottom: 0px !important;}&#8220;][vc_column][vc_column_text] SLOWAKISCHER K\u00dcNSTLERNorbert Judt [\/vc_column_text][\/vc_column][vc_column width=&#8220;1\/3&#8243;][vc_single_image image=&#8220;3357&#8243; img_size=&#8220;full&#8220; alignment=&#8220;center&#8220; style=&#8220;xtd-shadow&#8211;normal-light&#8220; el_class=&#8220;xtd-offset-frame&#8220;][vc_btn title=&#8220;Gehe in den e-shop&#8220; style=&#8220;btn-outline-primary&#8220; shape=&#8220;square&#8220; align=&#8220;center&#8220; link=&#8220;url:https%3A%2F%2Fwww.artisticostores.com%2Fde%2Fprodukt-kategorie%2Fnorbert-judt-de%2F|title:Norbert%20Judt%20Artistico||&#8220;][\/vc_column][vc_column width=&#8220;2\/3&#8243; offset=&#8220;vc_col-lg-offset-1 vc_col-lg-7&#8243;][vc_column_text] Norbert Judt\u00a0wurde am 2. Februar 1966 in Bratislava geboren. Sein k\u00fcnstlerisches Talent hat sich ganz eigenst\u00e4ndig entwickelt. In den Anf\u00e4ngen wurde er ma\u00dfgeblich von Fantasy-Literatur, Surrealismus (Salvator Dali) und neuer Figuration (J\u00falius Jakoby, Milan [&hellip;]<\/p>\n","protected":false},"author":1,"featured_media":0,"parent":668,"menu_order":0,"comment_status":"closed","ping_status":"closed","template":"","meta":{"footnotes":""},"yoast_head":"<!-- This site is optimized with the Yoast SEO plugin v22.7 - https:\/\/yoast.com\/wordpress\/plugins\/seo\/ -->\n<title>Norbert Judt -<\/title>\n<meta name=\"robots\" content=\"index, follow, max-snippet:-1, max-image-preview:large, max-video-preview:-1\" \/>\n<link rel=\"canonical\" href=\"https:\/\/orchard-gallery.com\/de\/artists\/norbert-judt\/\" \/>\n<meta property=\"og:locale\" content=\"de_DE\" \/>\n<meta property=\"og:type\" content=\"article\" \/>\n<meta property=\"og:title\" content=\"Norbert Judt -\" \/>\n<meta property=\"og:description\" content=\"[vc_row curly_padding=&#8220;content-padding&#8220; css=&#8220;.vc_custom_1504195713546{padding-bottom: 0px !important;}&#8220;][vc_column][vc_column_text] SLOWAKISCHER K\u00dcNSTLERNorbert Judt [\/vc_column_text][\/vc_column][vc_column width=&#8220;1\/3&#8243;][vc_single_image image=&#8220;3357&#8243; img_size=&#8220;full&#8220; alignment=&#8220;center&#8220; style=&#8220;xtd-shadow&#8211;normal-light&#8220; el_class=&#8220;xtd-offset-frame&#8220;][vc_btn title=&#8220;Gehe in den e-shop&#8220; style=&#8220;btn-outline-primary&#8220; shape=&#8220;square&#8220; align=&#8220;center&#8220; link=&#8220;url:https%3A%2F%2Fwww.artisticostores.com%2Fde%2Fprodukt-kategorie%2Fnorbert-judt-de%2F|title:Norbert%20Judt%20Artistico||&#8220;][\/vc_column][vc_column width=&#8220;2\/3&#8243; offset=&#8220;vc_col-lg-offset-1 vc_col-lg-7&#8243;][vc_column_text] Norbert Judt\u00a0wurde am 2. Februar 1966 in Bratislava geboren. Sein k\u00fcnstlerisches Talent hat sich ganz eigenst\u00e4ndig entwickelt. In den Anf\u00e4ngen wurde er ma\u00dfgeblich von Fantasy-Literatur, Surrealismus (Salvator Dali) und neuer Figuration (J\u00falius Jakoby, Milan [&hellip;]\" \/>\n<meta property=\"og:url\" content=\"https:\/\/orchard-gallery.com\/artists\/norbert-judt\/\" \/>\n<meta property=\"article:publisher\" content=\"https:\/\/www.facebook.com\/galleryorchard\/\" \/>\n<meta property=\"article:modified_time\" content=\"2020-11-30T17:29:36+00:00\" \/>\n<meta name=\"twitter:card\" content=\"summary_large_image\" \/>\n<meta name=\"twitter:label1\" content=\"Gesch\u00e4tzte Lesezeit\" \/>\n\t<meta name=\"twitter:data1\" content=\"2\u00a0Minuten\" \/>\n<script type=\"application\/ld+json\" class=\"yoast-schema-graph\">{\"@context\":\"https:\/\/schema.org\",\"@graph\":[{\"@type\":\"WebPage\",\"@id\":\"https:\/\/orchard-gallery.com\/artists\/norbert-judt\/\",\"url\":\"https:\/\/orchard-gallery.com\/artists\/norbert-judt\/\",\"name\":\"Norbert Judt -\",\"isPartOf\":{\"@id\":\"https:\/\/orchard-gallery.com\/#website\"},\"datePublished\":\"2020-06-19T11:15:04+00:00\",\"dateModified\":\"2020-11-30T17:29:36+00:00\",\"breadcrumb\":{\"@id\":\"https:\/\/orchard-gallery.com\/artists\/norbert-judt\/#breadcrumb\"},\"inLanguage\":\"de\",\"potentialAction\":[{\"@type\":\"ReadAction\",\"target\":[\"https:\/\/orchard-gallery.com\/artists\/norbert-judt\/\"]}]},{\"@type\":\"BreadcrumbList\",\"@id\":\"https:\/\/orchard-gallery.com\/artists\/norbert-judt\/#breadcrumb\",\"itemListElement\":[{\"@type\":\"ListItem\",\"position\":1,\"name\":\"Dom\u016f\",\"item\":\"https:\/\/orchard-gallery.com\/home\/\"},{\"@type\":\"ListItem\",\"position\":2,\"name\":\"K\u00fcnstler\",\"item\":\"https:\/\/orchard-gallery.com\/de\/artists\/\"},{\"@type\":\"ListItem\",\"position\":3,\"name\":\"Norbert Judt\"}]},{\"@type\":\"WebSite\",\"@id\":\"https:\/\/orchard-gallery.com\/#website\",\"url\":\"https:\/\/orchard-gallery.com\/\",\"name\":\"Orchard Gallery\",\"description\":\"\",\"publisher\":{\"@id\":\"https:\/\/orchard-gallery.com\/#organization\"},\"potentialAction\":[{\"@type\":\"SearchAction\",\"target\":{\"@type\":\"EntryPoint\",\"urlTemplate\":\"https:\/\/orchard-gallery.com\/?s={search_term_string}\"},\"query-input\":\"required name=search_term_string\"}],\"inLanguage\":\"de\"},{\"@type\":\"Organization\",\"@id\":\"https:\/\/orchard-gallery.com\/#organization\",\"name\":\"OrchardGallery\",\"url\":\"https:\/\/orchard-gallery.com\/\",\"logo\":{\"@type\":\"ImageObject\",\"inLanguage\":\"de\",\"@id\":\"https:\/\/orchard-gallery.com\/#\/schema\/logo\/image\/\",\"url\":\"https:\/\/www.orchard-gallery.com\/wp-content\/uploads\/2020\/05\/orchard_retina-.png\",\"contentUrl\":\"https:\/\/www.orchard-gallery.com\/wp-content\/uploads\/2020\/05\/orchard_retina-.png\",\"width\":400,\"height\":38,\"caption\":\"OrchardGallery\"},\"image\":{\"@id\":\"https:\/\/orchard-gallery.com\/#\/schema\/logo\/image\/\"},\"sameAs\":[\"https:\/\/www.facebook.com\/galleryorchard\/\",\"https:\/\/www.instagram.com\/artisticostores\/\",\"https:\/\/www.youtube.com\/channel\/UC6fZFM4tjduboVY2BzlFjzA\"]}]}<\/script>\n<!-- \/ Yoast SEO plugin. -->","yoast_head_json":{"title":"Norbert Judt -","robots":{"index":"index","follow":"follow","max-snippet":"max-snippet:-1","max-image-preview":"max-image-preview:large","max-video-preview":"max-video-preview:-1"},"canonical":"https:\/\/orchard-gallery.com\/de\/artists\/norbert-judt\/","og_locale":"de_DE","og_type":"article","og_title":"Norbert Judt -","og_description":"[vc_row curly_padding=&#8220;content-padding&#8220; css=&#8220;.vc_custom_1504195713546{padding-bottom: 0px !important;}&#8220;][vc_column][vc_column_text] SLOWAKISCHER K\u00dcNSTLERNorbert Judt [\/vc_column_text][\/vc_column][vc_column width=&#8220;1\/3&#8243;][vc_single_image image=&#8220;3357&#8243; img_size=&#8220;full&#8220; alignment=&#8220;center&#8220; style=&#8220;xtd-shadow&#8211;normal-light&#8220; el_class=&#8220;xtd-offset-frame&#8220;][vc_btn title=&#8220;Gehe in den e-shop&#8220; style=&#8220;btn-outline-primary&#8220; shape=&#8220;square&#8220; align=&#8220;center&#8220; link=&#8220;url:https%3A%2F%2Fwww.artisticostores.com%2Fde%2Fprodukt-kategorie%2Fnorbert-judt-de%2F|title:Norbert%20Judt%20Artistico||&#8220;][\/vc_column][vc_column width=&#8220;2\/3&#8243; offset=&#8220;vc_col-lg-offset-1 vc_col-lg-7&#8243;][vc_column_text] Norbert Judt\u00a0wurde am 2. Februar 1966 in Bratislava geboren. Sein k\u00fcnstlerisches Talent hat sich ganz eigenst\u00e4ndig entwickelt. In den Anf\u00e4ngen wurde er ma\u00dfgeblich von Fantasy-Literatur, Surrealismus (Salvator Dali) und neuer Figuration (J\u00falius Jakoby, Milan [&hellip;]","og_url":"https:\/\/orchard-gallery.com\/artists\/norbert-judt\/","article_publisher":"https:\/\/www.facebook.com\/galleryorchard\/","article_modified_time":"2020-11-30T17:29:36+00:00","twitter_card":"summary_large_image","twitter_misc":{"Gesch\u00e4tzte Lesezeit":"2\u00a0Minuten"},"schema":{"@context":"https:\/\/schema.org","@graph":[{"@type":"WebPage","@id":"https:\/\/orchard-gallery.com\/artists\/norbert-judt\/","url":"https:\/\/orchard-gallery.com\/artists\/norbert-judt\/","name":"Norbert Judt -","isPartOf":{"@id":"https:\/\/orchard-gallery.com\/#website"},"datePublished":"2020-06-19T11:15:04+00:00","dateModified":"2020-11-30T17:29:36+00:00","breadcrumb":{"@id":"https:\/\/orchard-gallery.com\/artists\/norbert-judt\/#breadcrumb"},"inLanguage":"de","potentialAction":[{"@type":"ReadAction","target":["https:\/\/orchard-gallery.com\/artists\/norbert-judt\/"]}]},{"@type":"BreadcrumbList","@id":"https:\/\/orchard-gallery.com\/artists\/norbert-judt\/#breadcrumb","itemListElement":[{"@type":"ListItem","position":1,"name":"Dom\u016f","item":"https:\/\/orchard-gallery.com\/home\/"},{"@type":"ListItem","position":2,"name":"K\u00fcnstler","item":"https:\/\/orchard-gallery.com\/de\/artists\/"},{"@type":"ListItem","position":3,"name":"Norbert Judt"}]},{"@type":"WebSite","@id":"https:\/\/orchard-gallery.com\/#website","url":"https:\/\/orchard-gallery.com\/","name":"Orchard Gallery","description":"","publisher":{"@id":"https:\/\/orchard-gallery.com\/#organization"},"potentialAction":[{"@type":"SearchAction","target":{"@type":"EntryPoint","urlTemplate":"https:\/\/orchard-gallery.com\/?s={search_term_string}"},"query-input":"required name=search_term_string"}],"inLanguage":"de"},{"@type":"Organization","@id":"https:\/\/orchard-gallery.com\/#organization","name":"OrchardGallery","url":"https:\/\/orchard-gallery.com\/","logo":{"@type":"ImageObject","inLanguage":"de","@id":"https:\/\/orchard-gallery.com\/#\/schema\/logo\/image\/","url":"https:\/\/www.orchard-gallery.com\/wp-content\/uploads\/2020\/05\/orchard_retina-.png","contentUrl":"https:\/\/www.orchard-gallery.com\/wp-content\/uploads\/2020\/05\/orchard_retina-.png","width":400,"height":38,"caption":"OrchardGallery"},"image":{"@id":"https:\/\/orchard-gallery.com\/#\/schema\/logo\/image\/"},"sameAs":["https:\/\/www.facebook.com\/galleryorchard\/","https:\/\/www.instagram.com\/artisticostores\/","https:\/\/www.youtube.com\/channel\/UC6fZFM4tjduboVY2BzlFjzA"]}]}},"_links":{"self":[{"href":"https:\/\/orchard-gallery.com\/de\/wp-json\/wp\/v2\/pages\/3369"}],"collection":[{"href":"https:\/\/orchard-gallery.com\/de\/wp-json\/wp\/v2\/pages"}],"about":[{"href":"https:\/\/orchard-gallery.com\/de\/wp-json\/wp\/v2\/types\/page"}],"author":[{"embeddable":true,"href":"https:\/\/orchard-gallery.com\/de\/wp-json\/wp\/v2\/users\/1"}],"replies":[{"embeddable":true,"href":"https:\/\/orchard-gallery.com\/de\/wp-json\/wp\/v2\/comments?post=3369"}],"version-history":[{"count":4,"href":"https:\/\/orchard-gallery.com\/de\/wp-json\/wp\/v2\/pages\/3369\/revisions"}],"predecessor-version":[{"id":4883,"href":"https:\/\/orchard-gallery.com\/de\/wp-json\/wp\/v2\/pages\/3369\/revisions\/4883"}],"up":[{"embeddable":true,"href":"https:\/\/orchard-gallery.com\/de\/wp-json\/wp\/v2\/pages\/668"}],"wp:attachment":[{"href":"https:\/\/orchard-gallery.com\/de\/wp-json\/wp\/v2\/media?parent=3369"}],"curies":[{"name":"wp","href":"https:\/\/api.w.org\/{rel}","templated":true}]}}