{"id":3278,"date":"2020-06-19T11:05:15","date_gmt":"2020-06-19T10:05:15","guid":{"rendered":"https:\/\/www.orchard-gallery.com\/artists\/kanta-kishore-moharana\/"},"modified":"2020-11-30T18:17:30","modified_gmt":"2020-11-30T17:17:30","slug":"kanta-kishore-moharana","status":"publish","type":"page","link":"https:\/\/orchard-gallery.com\/de\/artists\/kanta-kishore-moharana\/","title":{"rendered":"Kanta Kishore Moharana"},"content":{"rendered":"<section class=\"wpb-content-wrapper\">[vc_row curly_padding=&#8220;content-padding&#8220; css=&#8220;.vc_custom_1504195713546{padding-bottom: 0px !important;}&#8220;][vc_column][vc_column_text]\n<h1 class=\"display-2 special-title\" style=\"text-align: center;\"><small>INDISCHER BILDHAUER<\/small>Kanta Kishore Moharana<small><\/small><\/h1>\n[\/vc_column_text][\/vc_column][vc_column width=&#8220;1\/3&#8243;][vc_single_image image=&#8220;3265&#8243; img_size=&#8220;full&#8220; style=&#8220;xtd-shadow&#8211;normal-light&#8220; el_class=&#8220;xtd-offset-frame&#8220;][vc_btn title=&#8220;Gehe in den e-shop&#8220; style=&#8220;btn-outline-primary&#8220; shape=&#8220;square&#8220; align=&#8220;center&#8220; link=&#8220;url:https%3A%2F%2Fwww.artisticostores.com%2Fde%2Fprodukt-kategorie%2Fkanta-kishore-moharana-de%2F|title:Kanta%20Kishore%20Moahrana%20Artistico||&#8220;][\/vc_column][vc_column width=&#8220;2\/3&#8243; offset=&#8220;vc_col-lg-offset-1 vc_col-lg-7&#8243;][vc_column_text]\n<p style=\"text-align: justify;\"><strong>Kanta Kishore Moharana<\/strong>\u00a0wurde am 30. Juni 1980 in der N\u00e4he der Stadt Bhubaneswar in Indien in der Familie traditioneller Bildhauer geboren. Sein Vater und \u00e4lteren Br\u00fcder sind professionelle K\u00fcnstler und Handwerker. Als Kind spielte sich Kanta Kishore mit Schnitzwerkzeugen, Holz und anderen Materialien. Er spielte mit verschiedenen Medien und schuf verschiedene Skulpturen. Er erwarb den Bachelor-Abschluss in Bildender Kunst an der B. K. Collage of Art and Crafts und sp\u00e4ter den Master-Abschluss an der Govt. College of Art and Crafts in Kalkutta. W\u00e4hrend er in Kalkutta lebte, experimentierte er mit verschiedenen Materialien, seinen eigenen Konzepten und erlangte Anerkennung bei allen zeitgen\u00f6ssischen Bildhauern.<\/p>\n<p style=\"text-align: justify;\">Kanta Kishore Moharana befasst sich sehr intensiv mit sozialen Fragen und Problemen des t\u00e4glichen Lebens der Menschheit wie Urbanisierung und Globalisierung. Der K\u00fcnstler kennt diese Probleme der Gesellschaft sehr gut, weil er selbst ein wesentlicher Bestandteil des Ganzen ist, er ist ein Mann und kein verherrlichender Held.<\/p>\n<p style=\"text-align: justify;\">Kanta Kishore Moharans skulpturale Pr\u00e4sentationen zeigen insbesondere Gewalt gegen Frauen, Unruhen der Arbeiter, Kinderarbeit, Hunger, Arbeitslosigkeit und terroristische Aktivit\u00e4ten in Indien.<\/p>\n[\/vc_column_text][\/vc_column][\/vc_row][vc_row curly_padding=&#8220;content-padding&#8220; css=&#8220;.vc_custom_1587296404408{margin-top: -50px !important;padding-bottom: 0px !important;}&#8220;][vc_column][vc_row_inner][vc_column_inner width=&#8220;2\/3&#8243;][vc_column_text]\n<p style=\"text-align: justify;\">Wenn wir uns seine konzeptuellen Werke aus der \u201eNewspaper\u201c -Serie ansehen, muss sich jeder auf den ersten Blick in sie verlieben. Er kann genial Marmor verarbeiten, aus dem er wunderbare Werke schafft. Er schnitzt B\u00fccher aus wei\u00dfem Marmor und f\u00fcgt ihnen Metallst\u00fccke hinzu. Dank dieser Materialkombination entstehen buchst\u00e4blich atemberaubende Kunstwerke.<\/p>\n<p style=\"text-align: justify;\">Er wechselte von der \u201eNewspaper\u201c -Serie, mit der Kanta Kishore begann, mit Marmor zu arbeiten, zur Installation der \u201eArbeiterunruhen (Labour Rally)\u201c -Serie, als er auf der Harmony Show 2007 von Tina Ambani geschnitzte Marmorkapellen ausstellte. Er bekundete damit sein Interesse an sozialen Themen.<\/p>\n<p style=\"text-align: justify;\">Kanta Kishore Moharana hat Erfahrung mit vielen verschiedenen Materialien wie Holz, Granit, Fasern und Bronze. Seine Werke umfassen innere situative Ideen. Eines der Werke seiner \u201eNewspaper Series\u201c weist auf Kinderarbeit hin. Es ist eine t\u00e4gliche Erinnerung an dieses Problem, das nur dann verschwinden wird, wenn die Gesellschaft es selbst will.<\/p>\n<p style=\"text-align: justify;\">Kunstliebhaber und Kritiker waren sehr \u00fcberrascht, wenn sie seine Kunstwerke im India Habitat Center in Neu-Delhi sehen. Alle fragten sich, wie viel Geduld und Zeit er in diese erstaunlichen Kunstwerke investieren musste.<\/p>\n<p style=\"text-align: justify;\">Sein Werk \u201eGolden Chili\u201c war das Hauptbanner des Ashok-Art-Gallery-Standes auf der Art Expo India 2008 in Mumbai.<\/p>\n[\/vc_column_text][\/vc_column_inner][vc_column_inner width=&#8220;1\/3&#8243;][vc_column_text]\n<div class=\"wpb_text_column wpb_content_element \">\n<div class=\"wpb_wrapper\">\n<div class=\"wpb_text_column wpb_content_element \">\n<div class=\"wpb_wrapper\">\n<h3 style=\"padding-left: 40px;\">KURATORISCHE T\u00c4TIGKEIT:<\/h3>\n<ul>\n<li>2019 \u2013 1. Internationales Skulpturensymposium, Bhubaneswar, Odisha, Indien<\/li>\n<li>2019 \u2013 Nationales Symposium f\u00fcr Malerei und Skulptur in Delhi, Indien<\/li>\n<li>2019 \u2013 Internationales Symposium Metallskulptur, BERHMPUR, Indien<\/li>\n<\/ul>\n<\/div>\n<\/div>\n<div class=\"wpb_text_column wpb_content_element \">\n<div class=\"wpb_wrapper\">\n<h3 style=\"padding-left: 40px;\">EINZELAUSSTELLUNGEN:<\/h3>\n<ul>\n<li>2010 \u2013 Kunstgalerie, Bratislava, Slowakei<\/li>\n<li>2014 \u2013 Radhika Art Initiative, Lado Sarai, Neu-Delhi, Indien<\/li>\n<li>2016 \u2013 Tao Kunstgalerie, Indien<\/li>\n<li>2016 \u2013 Einzelausstellung Armenien<\/li>\n<li>2017 \u2013 Naregachhi Kunstgalerie, Armenien<\/li>\n<li>2018 \u2013 Vernissage art<\/li>\n<\/ul>\n<\/div>\n<\/div>\n<\/div>\n<\/div>\n[\/vc_column_text][\/vc_column_inner][\/vc_row_inner][vc_column_text]\n<div class=\"page\" title=\"Page 246\">\n<div class=\"section\">\n<div class=\"layoutArea\">\n<div class=\"column\">\n<h3 style=\"text-align: center;\">GEMEINSCHAFTSAUSSTELLUNGEN<\/h3>\n<\/div>\n<\/div>\n<\/div>\n<\/div>\n[\/vc_column_text][vc_row_inner][vc_column_inner width=&#8220;1\/2&#8243;][vc_column_text]\n<div title=\"Page 246\">\n<ul>\n<li>1999 \u2013 2005 \u2013 S.C.Z.C.C., Nagpur, Indien<\/li>\n<li>2000 \u2013 2001 \u2013 Baripada State Art Exhibition, Indien<\/li>\n<li>2000 \u2013 Indische Rotkreuzgesellschaft<\/li>\n<li>2000 \u2013 J\u00e4hrliche Kunstausstellung, B. K. Collage of Art and Crafts, Bhubaneswar, Indien<\/li>\n<li>2004 \u2013 J\u00e4hrliche Kunstausstellung, Govt. College of Art and Crafts, Kalkutta, Indien<\/li>\n<li>2004 \u2013 Oriental Art Society, Kalkutta, Indien<\/li>\n<li>2004 \u2013 Birla Akademie f\u00fcr zeitgen\u00f6ssische Kunst, Kalkutta, Indien<\/li>\n<li>2005 \u2013 Kunstausstellung Rastriya Lalit Kala Kendra, Bhubaneswar, Indien<\/li>\n<li>2005 \u2013 Rastriya Lalit Kala Kendra<\/li>\n<li>2007 \u2013 Galerie 88, Mumbai, Indien<\/li>\n<li>2007 \u2013 Ashok Kunstgalerie, Neu-Delhi, Indien<\/li>\n<li>2007 \u2013 Internationale Kunstausstellung, National Hispanic University, Kalifornien, USA<\/li>\n<li>2007 \u2013 Internationale Kunstausstellung von der Ashok Kunstgalerie im Habitat Center, Delhi, Indien<\/li>\n<li>2007 \u2013 Harmonie Kunstausstellung, Mumbai, Indien<\/li>\n<li>2008 \u2013 J\u00e4hrliche Kunstausstellung, Orissa Lalit Kala Akademie, Indien<\/li>\n<li>2008 \u2013 Zeit und Material, Consult Kunstgalerie, Delhi, Indien<\/li>\n<li>2008 \u2013 Internationale Kunstausstellung, Orissa, Galerie f\u00fcr moderne Kunst, Bhubaneswar, Indien<\/li>\n<li>2008 \u2013 Kunstgipfelkonferenz, Delhi, Indien<\/li>\n<li>2008 \u2013 2009 \u2013 Kunstausstellung, Mumbai, Indien<\/li>\n<li>2009 \u2013 2010 \u2013 \u201eChitra Stutee\u201c, Kulturuniversit\u00e4t Utkal, Bhubaneswar, Orissa, Indien<\/li>\n<\/ul>\n<\/div>\n[\/vc_column_text][\/vc_column_inner][vc_column_inner width=&#8220;1\/2&#8243;][vc_column_text]\n<div title=\"Page 246\">\n<ul>\n<li>2009 \u2013 Gruppenausstellung in der BMB Kunstgalerie, Mumbai, Indien<\/li>\n<li>2010 \u2013 Galerie Espace, New Delhi, Indien<\/li>\n<li>2011 \u2013 \u201eMiniscule Marvel\/Winziges Wunder\u201c, Galerie f\u00fcr moderne Kunst, Indien<\/li>\n<li>2012 \u2013 ARTisti &amp; Co, Bratislava, Slowakische Republik<\/li>\n<li>2012 \u2013 Studio Kunstgalerie, Neu-Delhi, Indien<\/li>\n<li>2012 \u2013 BMW Kunstausstellung, New Delhi, Indien<\/li>\n<li>2012 \u2013 \u201eTogether\/Zusammen\u201c Jaydev Bhabana, Indien<\/li>\n<li>2012 \u2013 \u201eTogether\/Zusammen\u201c Rastriya Lalit Kala Akademie, Indien<\/li>\n<li>2012 \u2013 Nationale Kunstausstellung, Contemplata Kunstgalerie, Coimbatore<\/li>\n<li>2013 \u2013 ARTisti &amp; Co, Prag, Tschechische Republik<\/li>\n<li>2013 \u2013 Internationales Kunstfestival, OSTRAKA, \u00c4gypten<\/li>\n<li>2014 \u2013 ARTisti &amp; Co, Wien, \u00d6sterreich<\/li>\n<li>2014 \u2013 Internationales Skulpturensymposium, Shusha, Armenien<\/li>\n<li>2014 \u2013 Barbe Community Kunstprojekt<\/li>\n<li>2015 \u2013 2016 \u2013 \u201eNabakalebar\u201c, Lalit Kala Akademie, Indien<\/li>\n<li>2017-2018 \u2013 Vernissage Kunstgalerie, New Delhi, Indien<\/li>\n<li>2018 \u2013 Orchard Galerie, Ostrava, Tschechische Republik<\/li>\n<li>2018 \u2013 Internationale Kunstausstellung, al-Minya Universit\u00e4t, \u00c4gypten<\/li>\n<li>2019 \u2013 Orchard Galerie, Ostrava, Tschechische Republik<\/li>\n<\/ul>\n<\/div>\n[\/vc_column_text][\/vc_column_inner][\/vc_row_inner][vc_row_inner][vc_column_inner width=&#8220;1\/3&#8243;][vc_single_image image=&#8220;3275&#8243; img_size=&#8220;full&#8220;][\/vc_column_inner][vc_column_inner width=&#8220;1\/3&#8243;][vc_single_image image=&#8220;3269&#8243; img_size=&#8220;full&#8220;][\/vc_column_inner][vc_column_inner width=&#8220;1\/3&#8243;][vc_single_image image=&#8220;3272&#8243; img_size=&#8220;full&#8220;][\/vc_column_inner][\/vc_row_inner][\/vc_column][\/vc_row]\n<\/section>","protected":false},"excerpt":{"rendered":"<p>[vc_row curly_padding=&#8220;content-padding&#8220; css=&#8220;.vc_custom_1504195713546{padding-bottom: 0px !important;}&#8220;][vc_column][vc_column_text] INDISCHER BILDHAUERKanta Kishore Moharana [\/vc_column_text][\/vc_column][vc_column width=&#8220;1\/3&#8243;][vc_single_image image=&#8220;3265&#8243; img_size=&#8220;full&#8220; style=&#8220;xtd-shadow&#8211;normal-light&#8220; el_class=&#8220;xtd-offset-frame&#8220;][vc_btn title=&#8220;Gehe in den e-shop&#8220; style=&#8220;btn-outline-primary&#8220; shape=&#8220;square&#8220; align=&#8220;center&#8220; link=&#8220;url:https%3A%2F%2Fwww.artisticostores.com%2Fde%2Fprodukt-kategorie%2Fkanta-kishore-moharana-de%2F|title:Kanta%20Kishore%20Moahrana%20Artistico||&#8220;][\/vc_column][vc_column width=&#8220;2\/3&#8243; offset=&#8220;vc_col-lg-offset-1 vc_col-lg-7&#8243;][vc_column_text] Kanta Kishore Moharana\u00a0wurde am 30. Juni 1980 in der N\u00e4he der Stadt Bhubaneswar in Indien in der Familie traditioneller Bildhauer geboren. Sein Vater und \u00e4lteren Br\u00fcder sind professionelle K\u00fcnstler und Handwerker. Als Kind spielte [&hellip;]<\/p>\n","protected":false},"author":1,"featured_media":0,"parent":668,"menu_order":0,"comment_status":"closed","ping_status":"closed","template":"","meta":{"footnotes":""},"yoast_head":"<!-- This site is optimized with the Yoast SEO plugin v22.7 - https:\/\/yoast.com\/wordpress\/plugins\/seo\/ -->\n<title>Kanta Kishore Moharana -<\/title>\n<meta name=\"robots\" content=\"index, follow, max-snippet:-1, max-image-preview:large, max-video-preview:-1\" \/>\n<link rel=\"canonical\" href=\"https:\/\/orchard-gallery.com\/de\/artists\/kanta-kishore-moharana\/\" \/>\n<meta property=\"og:locale\" content=\"de_DE\" \/>\n<meta property=\"og:type\" content=\"article\" \/>\n<meta property=\"og:title\" content=\"Kanta Kishore Moharana -\" \/>\n<meta property=\"og:description\" content=\"[vc_row curly_padding=&#8220;content-padding&#8220; css=&#8220;.vc_custom_1504195713546{padding-bottom: 0px !important;}&#8220;][vc_column][vc_column_text] INDISCHER BILDHAUERKanta Kishore Moharana [\/vc_column_text][\/vc_column][vc_column width=&#8220;1\/3&#8243;][vc_single_image image=&#8220;3265&#8243; img_size=&#8220;full&#8220; style=&#8220;xtd-shadow&#8211;normal-light&#8220; el_class=&#8220;xtd-offset-frame&#8220;][vc_btn title=&#8220;Gehe in den e-shop&#8220; style=&#8220;btn-outline-primary&#8220; shape=&#8220;square&#8220; align=&#8220;center&#8220; link=&#8220;url:https%3A%2F%2Fwww.artisticostores.com%2Fde%2Fprodukt-kategorie%2Fkanta-kishore-moharana-de%2F|title:Kanta%20Kishore%20Moahrana%20Artistico||&#8220;][\/vc_column][vc_column width=&#8220;2\/3&#8243; offset=&#8220;vc_col-lg-offset-1 vc_col-lg-7&#8243;][vc_column_text] Kanta Kishore Moharana\u00a0wurde am 30. Juni 1980 in der N\u00e4he der Stadt Bhubaneswar in Indien in der Familie traditioneller Bildhauer geboren. Sein Vater und \u00e4lteren Br\u00fcder sind professionelle K\u00fcnstler und Handwerker. Als Kind spielte [&hellip;]\" \/>\n<meta property=\"og:url\" content=\"https:\/\/orchard-gallery.com\/artists\/kanta-kishore-moharana\/\" \/>\n<meta property=\"article:publisher\" content=\"https:\/\/www.facebook.com\/galleryorchard\/\" \/>\n<meta property=\"article:modified_time\" content=\"2020-11-30T17:17:30+00:00\" \/>\n<meta name=\"twitter:card\" content=\"summary_large_image\" \/>\n<meta name=\"twitter:label1\" content=\"Gesch\u00e4tzte Lesezeit\" \/>\n\t<meta name=\"twitter:data1\" content=\"4\u00a0Minuten\" \/>\n<script type=\"application\/ld+json\" class=\"yoast-schema-graph\">{\"@context\":\"https:\/\/schema.org\",\"@graph\":[{\"@type\":\"WebPage\",\"@id\":\"https:\/\/orchard-gallery.com\/artists\/kanta-kishore-moharana\/\",\"url\":\"https:\/\/orchard-gallery.com\/artists\/kanta-kishore-moharana\/\",\"name\":\"Kanta Kishore Moharana -\",\"isPartOf\":{\"@id\":\"https:\/\/orchard-gallery.com\/#website\"},\"datePublished\":\"2020-06-19T10:05:15+00:00\",\"dateModified\":\"2020-11-30T17:17:30+00:00\",\"breadcrumb\":{\"@id\":\"https:\/\/orchard-gallery.com\/artists\/kanta-kishore-moharana\/#breadcrumb\"},\"inLanguage\":\"de\",\"potentialAction\":[{\"@type\":\"ReadAction\",\"target\":[\"https:\/\/orchard-gallery.com\/artists\/kanta-kishore-moharana\/\"]}]},{\"@type\":\"BreadcrumbList\",\"@id\":\"https:\/\/orchard-gallery.com\/artists\/kanta-kishore-moharana\/#breadcrumb\",\"itemListElement\":[{\"@type\":\"ListItem\",\"position\":1,\"name\":\"Dom\u016f\",\"item\":\"https:\/\/orchard-gallery.com\/home\/\"},{\"@type\":\"ListItem\",\"position\":2,\"name\":\"K\u00fcnstler\",\"item\":\"https:\/\/orchard-gallery.com\/de\/artists\/\"},{\"@type\":\"ListItem\",\"position\":3,\"name\":\"Kanta Kishore Moharana\"}]},{\"@type\":\"WebSite\",\"@id\":\"https:\/\/orchard-gallery.com\/#website\",\"url\":\"https:\/\/orchard-gallery.com\/\",\"name\":\"Orchard Gallery\",\"description\":\"\",\"publisher\":{\"@id\":\"https:\/\/orchard-gallery.com\/#organization\"},\"potentialAction\":[{\"@type\":\"SearchAction\",\"target\":{\"@type\":\"EntryPoint\",\"urlTemplate\":\"https:\/\/orchard-gallery.com\/?s={search_term_string}\"},\"query-input\":\"required name=search_term_string\"}],\"inLanguage\":\"de\"},{\"@type\":\"Organization\",\"@id\":\"https:\/\/orchard-gallery.com\/#organization\",\"name\":\"OrchardGallery\",\"url\":\"https:\/\/orchard-gallery.com\/\",\"logo\":{\"@type\":\"ImageObject\",\"inLanguage\":\"de\",\"@id\":\"https:\/\/orchard-gallery.com\/#\/schema\/logo\/image\/\",\"url\":\"https:\/\/www.orchard-gallery.com\/wp-content\/uploads\/2020\/05\/orchard_retina-.png\",\"contentUrl\":\"https:\/\/www.orchard-gallery.com\/wp-content\/uploads\/2020\/05\/orchard_retina-.png\",\"width\":400,\"height\":38,\"caption\":\"OrchardGallery\"},\"image\":{\"@id\":\"https:\/\/orchard-gallery.com\/#\/schema\/logo\/image\/\"},\"sameAs\":[\"https:\/\/www.facebook.com\/galleryorchard\/\",\"https:\/\/www.instagram.com\/artisticostores\/\",\"https:\/\/www.youtube.com\/channel\/UC6fZFM4tjduboVY2BzlFjzA\"]}]}<\/script>\n<!-- \/ Yoast SEO plugin. -->","yoast_head_json":{"title":"Kanta Kishore Moharana -","robots":{"index":"index","follow":"follow","max-snippet":"max-snippet:-1","max-image-preview":"max-image-preview:large","max-video-preview":"max-video-preview:-1"},"canonical":"https:\/\/orchard-gallery.com\/de\/artists\/kanta-kishore-moharana\/","og_locale":"de_DE","og_type":"article","og_title":"Kanta Kishore Moharana -","og_description":"[vc_row curly_padding=&#8220;content-padding&#8220; css=&#8220;.vc_custom_1504195713546{padding-bottom: 0px !important;}&#8220;][vc_column][vc_column_text] INDISCHER BILDHAUERKanta Kishore Moharana [\/vc_column_text][\/vc_column][vc_column width=&#8220;1\/3&#8243;][vc_single_image image=&#8220;3265&#8243; img_size=&#8220;full&#8220; style=&#8220;xtd-shadow&#8211;normal-light&#8220; el_class=&#8220;xtd-offset-frame&#8220;][vc_btn title=&#8220;Gehe in den e-shop&#8220; style=&#8220;btn-outline-primary&#8220; shape=&#8220;square&#8220; align=&#8220;center&#8220; link=&#8220;url:https%3A%2F%2Fwww.artisticostores.com%2Fde%2Fprodukt-kategorie%2Fkanta-kishore-moharana-de%2F|title:Kanta%20Kishore%20Moahrana%20Artistico||&#8220;][\/vc_column][vc_column width=&#8220;2\/3&#8243; offset=&#8220;vc_col-lg-offset-1 vc_col-lg-7&#8243;][vc_column_text] Kanta Kishore Moharana\u00a0wurde am 30. Juni 1980 in der N\u00e4he der Stadt Bhubaneswar in Indien in der Familie traditioneller Bildhauer geboren. Sein Vater und \u00e4lteren Br\u00fcder sind professionelle K\u00fcnstler und Handwerker. Als Kind spielte [&hellip;]","og_url":"https:\/\/orchard-gallery.com\/artists\/kanta-kishore-moharana\/","article_publisher":"https:\/\/www.facebook.com\/galleryorchard\/","article_modified_time":"2020-11-30T17:17:30+00:00","twitter_card":"summary_large_image","twitter_misc":{"Gesch\u00e4tzte Lesezeit":"4\u00a0Minuten"},"schema":{"@context":"https:\/\/schema.org","@graph":[{"@type":"WebPage","@id":"https:\/\/orchard-gallery.com\/artists\/kanta-kishore-moharana\/","url":"https:\/\/orchard-gallery.com\/artists\/kanta-kishore-moharana\/","name":"Kanta Kishore Moharana -","isPartOf":{"@id":"https:\/\/orchard-gallery.com\/#website"},"datePublished":"2020-06-19T10:05:15+00:00","dateModified":"2020-11-30T17:17:30+00:00","breadcrumb":{"@id":"https:\/\/orchard-gallery.com\/artists\/kanta-kishore-moharana\/#breadcrumb"},"inLanguage":"de","potentialAction":[{"@type":"ReadAction","target":["https:\/\/orchard-gallery.com\/artists\/kanta-kishore-moharana\/"]}]},{"@type":"BreadcrumbList","@id":"https:\/\/orchard-gallery.com\/artists\/kanta-kishore-moharana\/#breadcrumb","itemListElement":[{"@type":"ListItem","position":1,"name":"Dom\u016f","item":"https:\/\/orchard-gallery.com\/home\/"},{"@type":"ListItem","position":2,"name":"K\u00fcnstler","item":"https:\/\/orchard-gallery.com\/de\/artists\/"},{"@type":"ListItem","position":3,"name":"Kanta Kishore Moharana"}]},{"@type":"WebSite","@id":"https:\/\/orchard-gallery.com\/#website","url":"https:\/\/orchard-gallery.com\/","name":"Orchard Gallery","description":"","publisher":{"@id":"https:\/\/orchard-gallery.com\/#organization"},"potentialAction":[{"@type":"SearchAction","target":{"@type":"EntryPoint","urlTemplate":"https:\/\/orchard-gallery.com\/?s={search_term_string}"},"query-input":"required name=search_term_string"}],"inLanguage":"de"},{"@type":"Organization","@id":"https:\/\/orchard-gallery.com\/#organization","name":"OrchardGallery","url":"https:\/\/orchard-gallery.com\/","logo":{"@type":"ImageObject","inLanguage":"de","@id":"https:\/\/orchard-gallery.com\/#\/schema\/logo\/image\/","url":"https:\/\/www.orchard-gallery.com\/wp-content\/uploads\/2020\/05\/orchard_retina-.png","contentUrl":"https:\/\/www.orchard-gallery.com\/wp-content\/uploads\/2020\/05\/orchard_retina-.png","width":400,"height":38,"caption":"OrchardGallery"},"image":{"@id":"https:\/\/orchard-gallery.com\/#\/schema\/logo\/image\/"},"sameAs":["https:\/\/www.facebook.com\/galleryorchard\/","https:\/\/www.instagram.com\/artisticostores\/","https:\/\/www.youtube.com\/channel\/UC6fZFM4tjduboVY2BzlFjzA"]}]}},"_links":{"self":[{"href":"https:\/\/orchard-gallery.com\/de\/wp-json\/wp\/v2\/pages\/3278"}],"collection":[{"href":"https:\/\/orchard-gallery.com\/de\/wp-json\/wp\/v2\/pages"}],"about":[{"href":"https:\/\/orchard-gallery.com\/de\/wp-json\/wp\/v2\/types\/page"}],"author":[{"embeddable":true,"href":"https:\/\/orchard-gallery.com\/de\/wp-json\/wp\/v2\/users\/1"}],"replies":[{"embeddable":true,"href":"https:\/\/orchard-gallery.com\/de\/wp-json\/wp\/v2\/comments?post=3278"}],"version-history":[{"count":3,"href":"https:\/\/orchard-gallery.com\/de\/wp-json\/wp\/v2\/pages\/3278\/revisions"}],"predecessor-version":[{"id":4869,"href":"https:\/\/orchard-gallery.com\/de\/wp-json\/wp\/v2\/pages\/3278\/revisions\/4869"}],"up":[{"embeddable":true,"href":"https:\/\/orchard-gallery.com\/de\/wp-json\/wp\/v2\/pages\/668"}],"wp:attachment":[{"href":"https:\/\/orchard-gallery.com\/de\/wp-json\/wp\/v2\/media?parent=3278"}],"curies":[{"name":"wp","href":"https:\/\/api.w.org\/{rel}","templated":true}]}}